{"id":220,"date":"2011-04-07T19:03:35","date_gmt":"2011-04-07T19:03:35","guid":{"rendered":"http:\/\/arturogarciaolivera.com\/blog\/?page_id=220"},"modified":"2011-04-07T19:03:35","modified_gmt":"2011-04-07T19:03:35","slug":"soporte","status":"publish","type":"page","link":"http:\/\/arturogarciaolivera.com\/blog\/soporte\/","title":{"rendered":"Soporte"},"content":{"rendered":"<p>Para enviar una solicitud de soporte, env\u00ede los siguientes datos:<\/p>\n<form id=\"formulario\" action=\"\/soporteblog-ago.php\" method=\"post\">\n<p class=\"style102\"><span style=\"font-size: 13px; line-height: 19px;\"><span class=\"style22\">Nombre: <\/span><\/span><span style=\"font-size: 13px; line-height: 19px;\"><br \/>\n<input id=\"Nombre\" style=\"width: 342px;\" name=\"Nombre\" type=\"text\" \/><\/span><\/p>\n<p><span style=\"font-size: 13px; line-height: 19px;\">Tel\u00e9fonos: <\/span><span style=\"font-size: 13px; line-height: 19px;\"><br \/>\n<input id=\"Telefonos\" style=\"width: 340px;\" name=\"Telefonos\" type=\"text\" \/><\/span><\/p>\n<div class=\"style101\">\n<p><span class=\"style22\">Clave de larga distancia: <\/span><span style=\"font-size: 13px; line-height: 19px;\"><br \/>\n<input style=\"width: 108px;\" name=\"Lada\" size=\"53\" type=\"text\" \/><\/span><\/p>\n<p><span class=\"style22\">Introduce tu E-mail: <\/span><span style=\"font-size: 13px; line-height: 19px;\"><br \/>\n<input id=\"E-mail\" style=\"width: 351px;\" name=\"E-mail\" type=\"text\" \/><\/span><\/p>\n<p><span class=\"style22\">Confirma tu E-mail: <\/span><span style=\"font-size: 13px; line-height: 19px;\"><br \/>\n<input id=\"E-mail\" style=\"width: 351px;\" name=\"E-mail-confirmacion\" type=\"text\" \/><\/span><\/p>\n<p><span class=\"style22\">Ciudad: <\/span><span style=\"font-size: 13px; line-height: 19px;\"><br \/>\n<input style=\"width: 350px;\" name=\"Ciudad\" size=\"53\" type=\"text\" \/><\/span><\/p>\n<p><span class=\"style22\">Estado: <\/span><span style=\"font-size: 13px; line-height: 19px;\"><br \/>\n<input style=\"width: 352px;\" name=\"Estado\" size=\"53\" type=\"text\" \/> <\/span><\/p>\n<div class=\"style101\"><span class=\"style22\">Pa\u00eds: <\/span><br \/>\n<input style=\"width: 352px;\" name=\"Pais\" size=\"53\" type=\"text\" \/> <span class=\"style22\"> <\/span><br \/>\n<span class=\"style22\"> <\/span><\/div>\n<div class=\"style101\"><span class=\"style22\">Comentarios o informaci\u00f3n que solicita:<\/span><br \/>\n<textarea style=\"width: 409px; height: 113px;\" cols=\"20\" rows=\"1\" name=\"Comentarios\"><\/textarea><\/div>\n<\/div>\n<p class=\"style96\" style=\"text-align: left;\"><input type=\"submit\" value=\"Enviar datos\" \/><\/p>\n<\/form>\n<p>&nbsp;<\/p>\n<hr \/>\n<p>o env\u00edenos la informaci\u00f3n que se solicita arriba al siguiente correo:<\/p>\n<ul>\n<li><a href=\"mailto:soporte@arturogarciaolivera.com\">soporte@arturogarciaolivera.com<\/a><\/li>\n<\/ul>\n<p>&nbsp;<\/p>\n<p>&nbsp;<\/p>\n","protected":false},"excerpt":{"rendered":"<p>Para enviar una solicitud de soporte, env\u00ede los siguientes datos: Nombre: Tel\u00e9fonos: Clave de larga distancia: Introduce tu E-mail: Confirma tu E-mail: Ciudad: Estado: Pa\u00eds: Comentarios o informaci\u00f3n que solicita: &nbsp; o env\u00edenos la informaci\u00f3n que se solicita arriba al siguiente correo: soporte@arturogarciaolivera.com &nbsp; &nbsp;<\/p>\n","protected":false},"author":1,"featured_media":0,"parent":0,"menu_order":0,"comment_status":"open","ping_status":"open","template":"","meta":{"footnotes":""},"class_list":["post-220","page","type-page","status-publish","hentry"],"_links":{"self":[{"href":"http:\/\/arturogarciaolivera.com\/blog\/wp-json\/wp\/v2\/pages\/220","targetHints":{"allow":["GET"]}}],"collection":[{"href":"http:\/\/arturogarciaolivera.com\/blog\/wp-json\/wp\/v2\/pages"}],"about":[{"href":"http:\/\/arturogarciaolivera.com\/blog\/wp-json\/wp\/v2\/types\/page"}],"author":[{"embeddable":true,"href":"http:\/\/arturogarciaolivera.com\/blog\/wp-json\/wp\/v2\/users\/1"}],"replies":[{"embeddable":true,"href":"http:\/\/arturogarciaolivera.com\/blog\/wp-json\/wp\/v2\/comments?post=220"}],"version-history":[{"count":1,"href":"http:\/\/arturogarciaolivera.com\/blog\/wp-json\/wp\/v2\/pages\/220\/revisions"}],"predecessor-version":[{"id":224,"href":"http:\/\/arturogarciaolivera.com\/blog\/wp-json\/wp\/v2\/pages\/220\/revisions\/224"}],"wp:attachment":[{"href":"http:\/\/arturogarciaolivera.com\/blog\/wp-json\/wp\/v2\/media?parent=220"}],"curies":[{"name":"wp","href":"https:\/\/api.w.org\/{rel}","templated":true}]}}