{"id":183,"date":"2020-03-07T01:04:44","date_gmt":"2020-03-07T01:04:44","guid":{"rendered":"http:\/\/arturogarciaolivera.com\/alineacion-posturas-1\/?page_id=183"},"modified":"2022-11-25T17:06:48","modified_gmt":"2022-11-25T17:06:48","slug":"informacion-del-curso-por-internet","status":"publish","type":"page","link":"https:\/\/arturogarciaolivera.com\/alineacion-posturas-1\/informacion-del-curso-por-internet","title":{"rendered":"Informaci\u00f3n del Curso por internet:"},"content":{"rendered":"\n<p class=\"has-medium-font-size\">Obt\u00e9n el mejor beneficio de las posturas de Yoga.<br><br>Realiza una pr\u00e1ctica que te genere beneficios a corto y largo plazo.<\/p>\n\n\n\n<p class=\"has-medium-font-size\">Identifica limites adecuados y desarrolla tu conciencia corporal, como una forma de realizar un trabajo interno.<\/p>\n\n\n<div class=\"wp-block-image\">\n<figure class=\"aligncenter size-full\"><a href=\"https:\/\/arturogarciaolivera.com\/alineacion-posturas-1\/wp-content\/uploads\/2022\/11\/Yuriria-y-Arturo-Frame-1.png\"><img loading=\"lazy\" decoding=\"async\" width=\"532\" height=\"299\" src=\"https:\/\/arturogarciaolivera.com\/alineacion-posturas-1\/wp-content\/uploads\/2022\/11\/Yuriria-y-Arturo-Frame-1.png\" alt=\"\" class=\"wp-image-217\" srcset=\"https:\/\/arturogarciaolivera.com\/alineacion-posturas-1\/wp-content\/uploads\/2022\/11\/Yuriria-y-Arturo-Frame-1.png 532w, https:\/\/arturogarciaolivera.com\/alineacion-posturas-1\/wp-content\/uploads\/2022\/11\/Yuriria-y-Arturo-Frame-1-300x169.png 300w\" sizes=\"auto, (max-width: 532px) 100vw, 532px\" \/><\/a><figcaption class=\"wp-element-caption\">Imparten: Yuriria Carrillo y Arturo Garc\u00eda<\/figcaption><\/figure>\n<\/div>\n\n\n<p class=\"has-medium-font-size\">Participa en este curso por internet y<\/p>\n\n\n\n<ul class=\"wp-block-list\">\n<li>Recibe recomendaciones b\u00e1sicas que te permitir\u00e1n Cuidar tu cuerpo<\/li>\n\n\n\n<li>Generar conciencia corporal<\/li>\n\n\n\n<li>Conoce el beneficio de realizar alineaciones adecuadas<\/li>\n\n\n\n<li>Cuida tus articulaciones evitando movimientos que puedan lastimarte<\/li>\n\n\n\n<li>Conoce y aplica los 5 principios de las posturas de Yoga<\/li>\n\n\n\n<li>Evita lastimar tu cuerpo a largo plazo<\/li>\n\n\n\n<li>Realiza una pr\u00e1ctica f\u00edsica adecuada<\/li>\n\n\n\n<li>Y obt\u00e9n el m\u00e1ximo beneficio de cada postura<\/li>\n<\/ul>\n\n\n\n<div style=\"height:44px\" aria-hidden=\"true\" class=\"wp-block-spacer\"><\/div>\n\n\n\n<p class=\"has-text-align-center has-blue-color has-text-color has-background has-medium-font-size\" style=\"background-color:#f2ff00\"><em><strong>\u201cPracticar Yoga adecuadamente te permitir\u00e1 mantener tu cuerpo en buen estado por mayor tiempo\u00bb<\/strong><\/em><\/p>\n\n\n\n<div style=\"height:44px\" aria-hidden=\"true\" class=\"wp-block-spacer\"><\/div>\n\n\n\n<p class=\"has-medium-font-size\">La pr\u00e1ctica de Yoga nos permite tomar conciencia de diversas \u00e1reas que nos forman, la parte f\u00edsica, mental, emocional y la espiritual; con una pr\u00e1ctica adecuada, estas \u00e1reas se integran y generamos uni\u00f3n interna; para ello, el nivel f\u00edsico es una base que podemos utilizar para iniciar nuestro camino de aumento de conciencia. <\/p>\n\n\n\n<p class=\"has-medium-font-size\">Alinear posturas no solo nos permite cuidar al cuerpo para no lastimarlo y evitar lesiones, tambi\u00e9n nos permite dar atenci\u00f3n al acomodo del cuerpo mientras realizas las posturas y con ello conducir tu pr\u00e1ctica hacia un aumento de la conciencia corporal, una etapa importante en tu camino dentro de Yoga.<\/p>\n\n\n<div class=\"wp-block-image\">\n<figure class=\"alignleft is-resized\"><img loading=\"lazy\" decoding=\"async\" src=\"http:\/\/arturogarciaolivera.com\/detalles-nivel2\/wp-content\/uploads\/2011\/05\/Arturo-2.gif\" alt=\"\" width=\"126\" height=\"204\"\/><figcaption class=\"wp-element-caption\">Arturo Garcia<\/figcaption><\/figure>\n<\/div>\n\n\n<p class=\"has-medium-font-size\">Mi nombre es Arturo Garc\u00eda, gracias por visitar esta p\u00e1gina, te platico un poco sobre mi participaci\u00f3n en Yoga: he impartido clases como Instructor de Hatha Yoga y Vinyasa Yoga por m\u00e1s de 20 a\u00f1os; dise\u00f1e un completo programa de formaci\u00f3n de Instructores de Yoga, soy co-fundador de la Alianza Mexicana de Yoga, Asociaci\u00f3n de Yoga Dharma, y Centro de Yoga Shakti. &nbsp;En estos a\u00f1os de pr\u00e1ctica y ense\u00f1anza, he observado el enorme beneficio que se genera practicando Yoga, y se ha convertido en mi pasi\u00f3n. Es por ello que tengo la plena confianza de recomendar la pr\u00e1ctica de Yoga, no solo para generar salud, relajamiento y bienestar, sino tambi\u00e9n como una herramienta muy importante para auto-conocernos y descubrir nuestra real esencia.<\/p>\n\n\n\n<div style=\"height:35px\" aria-hidden=\"true\" class=\"wp-block-spacer\"><\/div>\n\n\n<div class=\"wp-block-image\">\n<figure class=\"alignright size-thumbnail is-resized\"><a href=\"https:\/\/arturogarciaolivera.com\/alineacion-posturas-1\/wp-content\/uploads\/2022\/11\/Yuri.jpeg\"><img loading=\"lazy\" decoding=\"async\" src=\"https:\/\/arturogarciaolivera.com\/alineacion-posturas-1\/wp-content\/uploads\/2022\/11\/Yuri-150x150.jpeg\" alt=\"\" class=\"wp-image-237\" width=\"150\" height=\"150\"\/><\/a><figcaption class=\"wp-element-caption\">Yuriria Carrillo<\/figcaption><\/figure>\n<\/div>\n\n\n<p class=\"has-medium-font-size\">Comparto la ense\u00f1anza de este curso con Yuriria Carrillo, quien tiene experiencia de muchos a\u00f1os ya dando clases de Yoga e impartiendo talleres; conozco su compromiso con ense\u00f1ar Yoga tal y como es, con sus principios y filosof\u00eda. Este compromiso y profundidad en su visi\u00f3n de Yoga permite que sus aportaciones en este curso sean muy valiosas y significativas para ayudarnos a profundizar en nuestra pr\u00e1ctica de Yoga. <\/p>\n\n\n\n<div style=\"height:35px\" aria-hidden=\"true\" class=\"wp-block-spacer\"><\/div>\n\n\n\n<p class=\"has-text-align-center has-background has-medium-font-size\" style=\"background-color:#f2ff00\"> <em><strong>\u201cEl dar atenci\u00f3n a las alineaciones de las posturas te permitir\u00e1 despertar tu conciencia corporal.\u201d<\/strong><\/em> <\/p>\n\n\n\n<div style=\"height:35px\" aria-hidden=\"true\" class=\"wp-block-spacer\"><\/div>\n\n\n\n<p class=\"has-medium-font-size\">Este curso de Alineaci\u00f3n de posturas cl\u00e1sicas de Yoga tiene como prop\u00f3sito: <\/p>\n\n\n\n<ul class=\"wp-block-list\">\n<li>Brindarte elementos que puedes aplicar al realizar las posturas de Yoga<\/li>\n\n\n\n<li>Darte recomendaciones<\/li>\n\n\n\n<li>Indicaiones para que cuides tu cuerpo<\/li>\n\n\n\n<li>Despertar tu conciencia corporal<\/li>\n\n\n\n<li>Darte una solida base para profundizar en en otras \u00e1reas tales como la toma de conciencia de tus emociones, sensaciones corporales, concentraci\u00f3n, meditaci\u00f3n, respiraci\u00f3n, etc.<\/li>\n<\/ul>\n\n\n\n<div style=\"height:35px\" aria-hidden=\"true\" class=\"wp-block-spacer\"><\/div>\n\n\n\n<p class=\"has-text-align-center has-background has-medium-font-size\" style=\"background-color:#f2ff00\"> <em><strong>\u201cDespertar tu conciencia corporal se convierte en la base para profundizar en otras \u00e1reas\u2026\u00bb<\/strong><\/em> <\/p>\n\n\n\n<div style=\"height:35px\" aria-hidden=\"true\" class=\"wp-block-spacer\"><\/div>\n\n\n\n<p class=\"has-medium-font-size\">Durante los 8 m\u00f3dulos que forman el taller estar\u00e9mos compartiendo contigo herramientas pr\u00e1cticas y recomendaciones que te permitan un adecuado cuidado a tu cuerpo para crear mayor bienestar y equilibrio en tu vida.<\/p>\n\n\n\n<div style=\"height:35px\" aria-hidden=\"true\" class=\"wp-block-spacer\"><\/div>\n\n\n\n<p class=\"has-medium-font-size\"><strong>Ventajas que puedes obtener de este curso te\u00f3rico-pr\u00e1ctico de Yoga por internet:<\/strong><\/p>\n\n\n\n<ul class=\"wp-block-list\">\n<li>Elijes el horario de tu pr\u00e1ctica y estudio<\/li>\n\n\n\n<li>Eliges la duraci\u00f3n de tu pr\u00e1ctica<\/li>\n\n\n\n<li>Elijes el lugar donde realizar la pr\u00e1ctica<\/li>\n\n\n\n<li>Sin perder tiempo en traslados<\/li>\n\n\n\n<li>Estar\u00e9 pendiente de ti para cualquier pregunta que tengas<\/li>\n<\/ul>\n\n\n\n<div style=\"height:35px\" aria-hidden=\"true\" class=\"wp-block-spacer\"><\/div>\n\n\n<div class=\"bg-margin-for-link\"><input type='hidden' bg_collapse_expand='69d5c7a648fcf2096896663' value='69d5c7a648fcf2096896663'><input type='hidden' id='bg-show-more-text-69d5c7a648fcf2096896663' value='Testimonio: Christina Siemes (Gottingen, Alemania)'><input type='hidden' id='bg-show-less-text-69d5c7a648fcf2096896663' value='Testimonio: Christina Siemes (Gottingen, Alemania)'><a id='bg-showmore-action-69d5c7a648fcf2096896663' class='bg-showmore-plg-link bg-arrow '  style=\" color:#72777c;;\" href='#'>Testimonio: Christina Siemes (Gottingen, Alemania)<\/a><div id='bg-showmore-hidden-69d5c7a648fcf2096896663' ><\/p>\n\n\n<div class=\"wp-block-image\">\n<figure class=\"alignleft\"><img decoding=\"async\" src=\"http:\/\/arturogarciaolivera.com\/detalles-nivel2\/wp-content\/uploads\/2011\/06\/christina.jpg\" alt=\"\" \/><\/figure>\n<\/div>\n\n\n<p>\u201cDesde el primer momento me sent\u00ed c\u00f3moda con sus clases de Yoga, muy pronto sent\u00ed los beneficios, primero mediante las asanas y poco a poco tambi\u00e9n la filosof\u00eda. Me impresiono el impacto que tiene y su forma de ense\u00f1ar, brinda informaci\u00f3n sin intentar convencer, de una forma muy libre y tolerante. Me ha ayudado a tener experiencias inolvidables tanto f\u00edsica como espiritualmente, lo cual ahora es inseparable y me da una perspectiva muy bonita para enfrentar la vida, aceptar lo que ocurre y verlo todo en un conjunto. Es amable, honesto, apasionado y profesional.\u201d <br><\/p>\n\n\n<p><\/div><\/div>\n\n\n\n<div style=\"height:40px\" aria-hidden=\"true\" class=\"wp-block-spacer\"><\/div>\n\n\n<div class=\"bg-margin-for-link\"><input type='hidden' bg_collapse_expand='69d5c7a6490f40087554717' value='69d5c7a6490f40087554717'><input type='hidden' id='bg-show-more-text-69d5c7a6490f40087554717' value='Testimonio: Laura Franco, Instructora Certificada en Hatha Yoga  (Quer\u00e9taro, M\u00e9xico) '><input type='hidden' id='bg-show-less-text-69d5c7a6490f40087554717' value='Testimonio: Laura Franco, Instructora Certificada en Hatha Yoga  (Quer\u00e9taro, M\u00e9xico) '><a id='bg-showmore-action-69d5c7a6490f40087554717' class='bg-showmore-plg-link bg-arrow '  style=\" color:#72777c;;\" href='#'>Testimonio: Laura Franco, Instructora Certificada en Hatha Yoga  (Quer\u00e9taro, M\u00e9xico) <\/a><div id='bg-showmore-hidden-69d5c7a6490f40087554717' ><\/p>\n\n\n<div class=\"wp-block-image\">\n<figure class=\"alignleft\"><img decoding=\"async\" src=\"http:\/\/www.arturogarciaolivera.com\/detalles-nivel2\/wp-content\/uploads\/2011\/05\/laura.jpg\" alt=\"\" \/><\/figure>\n<\/div>\n\n\n<p>\u201cAgradezco sus clases y ense\u00f1anzas, han sido mi inspiraci\u00f3n desde mis inicios en yoga, me han ayudado a fortalecer mi ser, mi voluntad, mi amor y siempre con su ejemplo a profundizar en cada conocimiento que me transmite\u2026ha sido en mi camino como una lucecita que siempre me invita a ver hacia dentro, conocerme y en este camino Ser feliz desde adentro. Gracias!\u201d  <\/p>\n\n\n<p><\/div><\/div>\n\n\n\n<div style=\"height:40px\" aria-hidden=\"true\" class=\"wp-block-spacer\"><\/div>\n\n\n\n<p class=\"has-text-align-center has-background has-medium-font-size\" style=\"background-color:#f2ff00\"><em><strong>\u201cMuchas veces perdemos el beneficio de las posturas<\/strong><\/em> <em><strong>por no respetar los l\u00edmites del cuerpo.\u00bb<\/strong><\/em> <\/p>\n\n\n\n<div style=\"height:40px\" aria-hidden=\"true\" class=\"wp-block-spacer\"><\/div>\n\n\n\n<p class=\"has-medium-font-size\">El curso esta dividido en 8 m\u00f3dulos con sesiones te\u00f3rico-pr\u00e1ctico en v\u00eddeo.<\/p>\n\n\n\n<p class=\"has-medium-font-size\"><strong>M\u00f3dulo 1:<\/strong><br>\u2013 Introducci\u00f3n<br>\u2013 Calentamiento<\/p>\n\n\n\n<p class=\"has-medium-font-size\"><strong>M\u00f3dulo 2:<\/strong><br>\u2013 Introducci\u00f3n a los 5 principios de las posturas de Yoga<\/p>\n\n\n\n<p class=\"has-medium-font-size\"><strong>M\u00f3dulo 3:<\/strong><br>\u2013 Aplicaci\u00f3n de los 5 principios de las posturas de Yoga<\/p>\n\n\n\n<p class=\"has-medium-font-size\"><strong>M\u00f3dulo 4:<\/strong><br>\u2013 Alineaciones en la postura del gato (Bidalasana)<br>\u2013 Alineaciones en postura de Guerrero 1 y 2 (Virabadhrasana Eka, Dwi)<\/p>\n\n\n\n<p class=\"has-medium-font-size\"><strong>M\u00f3dulo 5:<\/strong><br>\u2013 Variantes en postura de guerrero 2 (Virabadhrasana Dwi)<\/p>\n\n\n\n<p class=\"has-medium-font-size\"><strong>M\u00f3dulo 6:<\/strong><br>\u2013 Postura de flor de loto (Padmasana)<br>\u2013 Postura del triangulo (Trikonasana)<\/p>\n\n\n\n<p class=\"has-medium-font-size\"><strong>M\u00f3dulo 7:<\/strong><br>\u2013 Postura de Guerrero 3 (Virabadhrasana trini)<br>\u2013 Variantes con giros (Parivritas)<\/p>\n\n\n\n<p class=\"has-medium-font-size\"><strong>M\u00f3dulo 8:<\/strong><br>\u2013 Posturas de equilibrio<br>\u2013 Postura de relajamiento (saavasana)<\/p>\n\n\n\n<div style=\"height:48px\" aria-hidden=\"true\" class=\"wp-block-spacer\"><\/div>\n\n\n\n<p class=\"has-text-align-center has-black-color has-text-color has-background has-medium-font-size\" style=\"background-color:#f2ff00\"><strong>\u00abHacer\u00bb yoga no es garant\u00eda de recibir todos los<br>beneficios, lo importante es \u00abcomo\u00bb haces yoga, el cuidado y atenci\u00f3n al cuerpo son importantes.<\/strong><\/p>\n\n\n\n<div style=\"height:48px\" aria-hidden=\"true\" class=\"wp-block-spacer\"><\/div>\n\n\n<div class=\"bg-margin-for-link\"><input type='hidden' bg_collapse_expand='69d5c7a6491648096772120' value='69d5c7a6491648096772120'><input type='hidden' id='bg-show-more-text-69d5c7a6491648096772120' value='Testimonio: Clementina Guzm\u00e1n (Arcelia, Guerrero) '><input type='hidden' id='bg-show-less-text-69d5c7a6491648096772120' value='Testimonio: Clementina Guzm\u00e1n (Arcelia, Guerrero) '><a id='bg-showmore-action-69d5c7a6491648096772120' class='bg-showmore-plg-link bg-arrow '  style=\" color:#72777c;;\" href='#'>Testimonio: Clementina Guzm\u00e1n (Arcelia, Guerrero) <\/a><div id='bg-showmore-hidden-69d5c7a6491648096772120' ><\/p>\n\n\n<div class=\"wp-block-image\">\n<figure class=\"alignleft\"><img decoding=\"async\" src=\"http:\/\/arturogarciaolivera.com\/detalles-nivel2\/wp-content\/uploads\/2011\/06\/clemen.jpg\" alt=\"\" \/><\/figure>\n<\/div>\n\n\n<p class=\"has-medium-font-size\">\u201cMi formaci\u00f3n en Yoga ha sido con mi maestro Arturo Garc\u00eda, y ha sido una experiencia muy padre porque empece de cero con todo lo relacionado al Yoga y sus clases son muy enriquecedoras y de mucho aprendizaje, de aprender a sentir y respetar tu cuerpo, admiro su profesionalismo y su amor por ense\u00f1ar, jamas nos deja con dudas y en linea siempre esta atento a contestar todas las dudas que surgen, de mi parte tiene toda mi admiraci\u00f3n y respeto y como Maestro es&nbsp;excelente. Saludos y un gran abrazo. NAMASTE.\u00bb <br><\/p>\n\n\n<p><\/div><\/div>\n\n\n\n<div style=\"height:48px\" aria-hidden=\"true\" class=\"wp-block-spacer\"><\/div>\n\n\n<div class=\"bg-margin-for-link\"><input type='hidden' bg_collapse_expand='69d5c7a6491bf5056363843' value='69d5c7a6491bf5056363843'><input type='hidden' id='bg-show-more-text-69d5c7a6491bf5056363843' value='Testimonio: Isela P\u00e9rez, (Cuernavaca, morelos) '><input type='hidden' id='bg-show-less-text-69d5c7a6491bf5056363843' value='Testimonio: Isela P\u00e9rez, (Cuernavaca, morelos) '><a id='bg-showmore-action-69d5c7a6491bf5056363843' class='bg-showmore-plg-link bg-arrow '  style=\" color:#72777c;;\" href='#'>Testimonio: Isela P\u00e9rez, (Cuernavaca, morelos) <\/a><div id='bg-showmore-hidden-69d5c7a6491bf5056363843' ><\/p>\n\n\n<div class=\"wp-block-image\">\n<figure class=\"alignleft\"><img decoding=\"async\" src=\"http:\/\/www.arturogarciaolivera.com\/detalles-nivel2\/wp-content\/uploads\/2011\/05\/isela.jpg\" alt=\"\" \/><\/figure>\n<\/div>\n\n\n<p class=\"has-medium-font-size\">\u201cEn mi experiencia, en clases con Arturo Garc\u00eda, me encanta la forma de conectarme con la clase, llev\u00e1ndome a una meditaci\u00f3n en movimiento, invitando en todo momento &nbsp;a cuidar mi cuerpo, poniendo especial atenci\u00f3n a mi respiraci\u00f3n. Da &nbsp;a cada alumno de acuerdo a su necesidad. &nbsp;Se nota que ha explorado las posturas, ya que siempre tiene una variante para hacer, de acuerdo al grupo indica variantes de la misma postura si es necesario ; ) &nbsp;me gusta la forma en que va conectado cada momento de la clase, dando orden y fluidez a la clase sin dar la sensaci\u00f3n de improvisaci\u00f3n. &nbsp;Namaste! \u201d <\/p>\n\n\n<p><\/div><\/div>\n\n\n\n<div style=\"height:48px\" aria-hidden=\"true\" class=\"wp-block-spacer\"><\/div>\n\n\n\n<p class=\"has-medium-font-size\"> <strong>Trabajar alineaciones es importante para:<\/strong> <\/p>\n\n\n\n<p class=\"has-medium-font-size\">\u2013 Evitar lesiones<\/p>\n\n\n\n<p class=\"has-medium-font-size\">\u2013 Cuidar tus articulaciones<\/p>\n\n\n\n<p class=\"has-medium-font-size\">\u2013 Conocer cuales son los movimientos naturales para tu cuerpo<\/p>\n\n\n\n<p class=\"has-medium-font-size\">\u2013 Respetar los l\u00edmites de mobilidad del cuerpo<\/p>\n\n\n\n<p class=\"has-medium-font-size\">\u2013 Mantener o mejorar la mobilidad<\/p>\n\n\n\n<p class=\"has-medium-font-size\">\u2013 Mejorar el flujo de energ\u00eda en el cuerpo<\/p>\n\n\n\n<div style=\"height:48px\" aria-hidden=\"true\" class=\"wp-block-spacer\"><\/div>\n\n\n\n<p class=\"has-text-align-center has-background\" style=\"background-color:#f2ff00\"><strong>No hagas las posturas solo por imitar, trabaja tu conciencia corporal.<br><\/strong><\/p>\n\n\n\n<div style=\"height:48px\" aria-hidden=\"true\" class=\"wp-block-spacer\"><\/div>\n\n\n\n<p class=\"has-medium-font-size\"> <strong>Beneficios de participar en este curso:<\/strong> <\/p>\n\n\n\n<p class=\"has-medium-font-size\">Tu eliges tus horarios y duraci\u00f3n de tu pr\u00e1ctica<\/p>\n\n\n\n<p class=\"has-medium-font-size\">Despertar\u00e1s tu conciencia corporal<\/p>\n\n\n\n<p class=\"has-medium-font-size\">Conocer\u00e1s recomendaciones para alinear tus posturas y cuidar tu cuerpo<\/p>\n\n\n\n<p class=\"has-medium-font-size\">Conoce y aplica los 5 principios de las posturas de Yoga<\/p>\n\n\n\n<p class=\"has-medium-font-size\">Realiza posturas cl\u00e1sicas de Yoga de forma segura<\/p>\n\n\n\n<p class=\"has-medium-font-size\">Adapta las posturas a tus habilidades f\u00edsicas<\/p>\n\n\n\n<p><\/p>\n\n\n<div class=\"wp-block-image\">\n<figure class=\"aligncenter\"><img decoding=\"async\" src=\"http:\/\/arturogarciaolivera.com\/detalles-manejo-de-emociones-con-yoga\/wp-content\/uploads\/2012\/04\/no-dejes-tu-bienestar-a-la-suerte-300x206.jpg\" alt=\"\" class=\"wp-image-52\"\/><\/figure>\n<\/div>\n\n\n<div style=\"height:48px\" aria-hidden=\"true\" class=\"wp-block-spacer\"><\/div>\n\n\n\n<h2 class=\"has-text-align-center wp-block-heading\"><strong>Costo del curso completo (8 m\u00f3dulos):&nbsp;<\/strong><\/h2>\n\n\n\n<p class=\"has-medium-font-size\">Costo normal del curso es de $2,400 MX*&nbsp; (incluyendo los temas de estudio, sesiones de preguntas y asesor\u00edas personales)<\/p>\n\n\n\n<p class=\"has-medium-font-size\">Si recibes esta informaci\u00f3n por recomendaci\u00f3n de alguien que ya particip\u00f3 en este curso o por recomendaci\u00f3n de un Instructor de Yoga asociado conmigo, recibes autom\u00e1ticamente la beca de descuento.<\/p>\n\n\n\n<p class=\"has-blue-color has-text-color has-medium-font-size\">La beca de descuento es por $900 MX* (poco mas de 37% de descuento), por lo que <strong>el costo total del curso con descuento ser\u00eda de $1,500 MX*<\/strong><br><\/p>\n\n\n\n<p class=\"has-text-align-right has-medium-font-size\">* precios en pesos mexicanos.<br><\/p>\n\n\n\n<div style=\"height:48px\" aria-hidden=\"true\" class=\"wp-block-spacer\"><\/div>\n\n\n<div class=\"wp-block-image\">\n<figure class=\"aligncenter size-large\"><a href=\"http:\/\/arturogarciaolivera.com\/alineacion-posturas-1\/deseo-informacion-o-registrarme-al-curso\/\"><img loading=\"lazy\" decoding=\"async\" width=\"275\" height=\"86\" src=\"http:\/\/arturogarciaolivera.com\/alineacion-posturas-1\/wp-content\/uploads\/2020\/03\/GetInstantAccessAmarillo.gif\" alt=\"\" class=\"wp-image-192\"\/><\/a><\/figure>\n<\/div>\n\n\n<p><\/p>\n\n\n\n<h2 class=\"wp-block-heading\">Garant\u00eda para ti&#8230;<\/h2>\n\n\n\n<p class=\"has-medium-font-size\">Te ofrecemos 30 d\u00edas de garant\u00eda de satisfacci\u00f3n\u00a0al 100% o la devoluci\u00f3n de tu pago.<\/p>\n\n\n<div class=\"wp-block-image\">\n<figure class=\"aligncenter\"><img decoding=\"async\" src=\"http:\/\/arturogarciaolivera.com\/detalles-nivel2\/wp-content\/uploads\/2011\/05\/inscribete-al-curso.png\" alt=\"\"\/><\/figure>\n<\/div>\n\n\n<p class=\"has-text-align-center has-medium-font-size\">y obt\u00e9n los beneficios de practicar Yoga<\/p>\n\n\n<div class=\"wp-block-image\">\n<figure class=\"aligncenter size-large\"><a href=\"http:\/\/arturogarciaolivera.com\/alineacion-posturas-1\/deseo-informacion-o-registrarme-al-curso\/\"><img loading=\"lazy\" decoding=\"async\" width=\"275\" height=\"86\" src=\"http:\/\/arturogarciaolivera.com\/alineacion-posturas-1\/wp-content\/uploads\/2020\/03\/GetInstantAccessAmarillo.gif\" alt=\"\" class=\"wp-image-192\"\/><\/a><\/figure>\n<\/div>\n\n\n<p><\/p>\n\n\n\n<p class=\"has-medium-font-size\">Nos vemos dentro del curso!!!<\/p>\n\n\n\n<p class=\"has-medium-font-size\">Namaste<\/p>\n\n\n\n<figure class=\"wp-block-image\"><img decoding=\"async\" src=\"http:\/\/arturogarciaolivera.com\/detalles-nivel1\/wp-content\/uploads\/2011\/10\/firma-ago.jpg\" alt=\"\"\/><\/figure>\n\n\n\n<p class=\"has-medium-font-size\">p.d. Recuerda:<\/p>\n\n\n\n<p class=\"has-medium-font-size\">\u2013 Te ofrezco garant\u00eda de satisfacci\u00f3n o la devoluci\u00f3n de tu pago<\/p>\n\n\n\n<p class=\"has-medium-font-size\">\u2013 Recibir\u00e1s 8 m\u00f3dulos de estudio con un total de 33 v\u00eddeos<\/p>\n","protected":false},"excerpt":{"rendered":"<p>Obt\u00e9n el mejor beneficio de las posturas de Yoga. Realiza una pr\u00e1ctica que te genere beneficios a corto y largo plazo. Identifica limites adecuados y desarrolla tu conciencia corporal, como una forma de realizar un trabajo interno. Participa en este &hellip; <a href=\"https:\/\/arturogarciaolivera.com\/alineacion-posturas-1\/informacion-del-curso-por-internet\">Sigue leyendo <span class=\"meta-nav\">&rarr;<\/span><\/a><\/p>\n","protected":false},"author":1,"featured_media":0,"parent":0,"menu_order":0,"comment_status":"closed","ping_status":"closed","template":"onecolumn-page.php","meta":{"footnotes":""},"class_list":["post-183","page","type-page","status-publish","hentry"],"_links":{"self":[{"href":"https:\/\/arturogarciaolivera.com\/alineacion-posturas-1\/wp-json\/wp\/v2\/pages\/183","targetHints":{"allow":["GET"]}}],"collection":[{"href":"https:\/\/arturogarciaolivera.com\/alineacion-posturas-1\/wp-json\/wp\/v2\/pages"}],"about":[{"href":"https:\/\/arturogarciaolivera.com\/alineacion-posturas-1\/wp-json\/wp\/v2\/types\/page"}],"author":[{"embeddable":true,"href":"https:\/\/arturogarciaolivera.com\/alineacion-posturas-1\/wp-json\/wp\/v2\/users\/1"}],"replies":[{"embeddable":true,"href":"https:\/\/arturogarciaolivera.com\/alineacion-posturas-1\/wp-json\/wp\/v2\/comments?post=183"}],"version-history":[{"count":10,"href":"https:\/\/arturogarciaolivera.com\/alineacion-posturas-1\/wp-json\/wp\/v2\/pages\/183\/revisions"}],"predecessor-version":[{"id":291,"href":"https:\/\/arturogarciaolivera.com\/alineacion-posturas-1\/wp-json\/wp\/v2\/pages\/183\/revisions\/291"}],"wp:attachment":[{"href":"https:\/\/arturogarciaolivera.com\/alineacion-posturas-1\/wp-json\/wp\/v2\/media?parent=183"}],"curies":[{"name":"wp","href":"https:\/\/api.w.org\/{rel}","templated":true}]}}