{"id":30,"date":"2012-04-13T01:52:36","date_gmt":"2012-04-13T01:52:36","guid":{"rendered":"http:\/\/arturogarciaolivera.com\/alineacion-posturas-1\/?page_id=30"},"modified":"2022-11-24T22:28:40","modified_gmt":"2022-11-24T22:28:40","slug":"inicio","status":"publish","type":"page","link":"https:\/\/arturogarciaolivera.com\/alineacion-posturas-1\/","title":{"rendered":"Inicio"},"content":{"rendered":"<p>El curso \u00abAlineaci\u00f3n de Posturas Cl\u00e1sicas de Yoga\u00bb te permitir\u00e1 cuidar tu cuerpo al realizar diferentes posturas de Yoga; la forma en que acomodas tus articulaciones permitir\u00e1 una pr\u00e1ctica segura y con beneficios a largo plazo; conociendo las alineaciones adecuadas, evitar\u00e1s desgaste innecesario de tus articulaciones.<\/p>\n<p><a href=\"http:\/\/arturogarciaolivera.com\/alineacion-posturas-1\/informacion-del-curso-por-internet\/\" target=\"_blank\" rel=\"noopener noreferrer\">Clic aqu\u00ed si desea registrarse en este curso.<\/a><\/p>\n<p><a href=\"http:\/\/arturogarciaolivera.com\/alineacion-posturas-1\/acceso-al-curso\/\">Si ya realizo su registro, ingrese al \u00e1rea de miembros aqu\u00ed.<\/a><\/p>\n\n<div class=\"wp-block-image\">\n<figure class=\"aligncenter size-full\"><a href=\"https:\/\/arturogarciaolivera.com\/alineacion-posturas-1\/wp-content\/uploads\/2022\/11\/Yuriria-y-Arturo-Frame-1.png\"><img loading=\"lazy\" decoding=\"async\" width=\"532\" height=\"299\" src=\"https:\/\/arturogarciaolivera.com\/alineacion-posturas-1\/wp-content\/uploads\/2022\/11\/Yuriria-y-Arturo-Frame-1.png\" alt=\"\" class=\"wp-image-217\" srcset=\"https:\/\/arturogarciaolivera.com\/alineacion-posturas-1\/wp-content\/uploads\/2022\/11\/Yuriria-y-Arturo-Frame-1.png 532w, https:\/\/arturogarciaolivera.com\/alineacion-posturas-1\/wp-content\/uploads\/2022\/11\/Yuriria-y-Arturo-Frame-1-300x169.png 300w\" sizes=\"auto, (max-width: 532px) 100vw, 532px\" \/><\/a><figcaption class=\"wp-element-caption\">Imparten: Yuriria Carrillo y Arturo Garcia<\/figcaption><\/figure>\n<\/div>","protected":false},"excerpt":{"rendered":"<p>El curso \u00abAlineaci\u00f3n de Posturas Cl\u00e1sicas de Yoga\u00bb te permitir\u00e1 cuidar tu cuerpo al realizar diferentes posturas de Yoga; la forma en que acomodas tus articulaciones permitir\u00e1 una pr\u00e1ctica segura y con beneficios a largo plazo; conociendo las alineaciones adecuadas, &hellip; <a href=\"https:\/\/arturogarciaolivera.com\/alineacion-posturas-1\/\">Sigue leyendo <span class=\"meta-nav\">&rarr;<\/span><\/a><\/p>\n","protected":false},"author":1,"featured_media":0,"parent":0,"menu_order":0,"comment_status":"closed","ping_status":"open","template":"onecolumn-page.php","meta":{"footnotes":""},"class_list":["post-30","page","type-page","status-publish","hentry"],"_links":{"self":[{"href":"https:\/\/arturogarciaolivera.com\/alineacion-posturas-1\/wp-json\/wp\/v2\/pages\/30","targetHints":{"allow":["GET"]}}],"collection":[{"href":"https:\/\/arturogarciaolivera.com\/alineacion-posturas-1\/wp-json\/wp\/v2\/pages"}],"about":[{"href":"https:\/\/arturogarciaolivera.com\/alineacion-posturas-1\/wp-json\/wp\/v2\/types\/page"}],"author":[{"embeddable":true,"href":"https:\/\/arturogarciaolivera.com\/alineacion-posturas-1\/wp-json\/wp\/v2\/users\/1"}],"replies":[{"embeddable":true,"href":"https:\/\/arturogarciaolivera.com\/alineacion-posturas-1\/wp-json\/wp\/v2\/comments?post=30"}],"version-history":[{"count":9,"href":"https:\/\/arturogarciaolivera.com\/alineacion-posturas-1\/wp-json\/wp\/v2\/pages\/30\/revisions"}],"predecessor-version":[{"id":251,"href":"https:\/\/arturogarciaolivera.com\/alineacion-posturas-1\/wp-json\/wp\/v2\/pages\/30\/revisions\/251"}],"wp:attachment":[{"href":"https:\/\/arturogarciaolivera.com\/alineacion-posturas-1\/wp-json\/wp\/v2\/media?parent=30"}],"curies":[{"name":"wp","href":"https:\/\/api.w.org\/{rel}","templated":true}]}}