{"id":32,"date":"2012-04-13T01:53:49","date_gmt":"2012-04-13T01:53:49","guid":{"rendered":"http:\/\/arturogarciaolivera.com\/alineacion-posturas-1\/?page_id=32"},"modified":"2012-04-13T01:53:49","modified_gmt":"2012-04-13T01:53:49","slug":"limitacion-de-responsabilidad","status":"publish","type":"page","link":"https:\/\/arturogarciaolivera.com\/alineacion-posturas-1\/limitacion-de-responsabilidad","title":{"rendered":"Limitaci\u00f3n de responsabilidad"},"content":{"rendered":"<p>El material publicado no pretende de ninguna manera substituir un servicio medico profesional. El material aqu\u00ed publicado no pretende diagnosticar, tratar o curar ninguna condici\u00f3n o padecimiento, tampoco se garantiza la prevenci\u00f3n de alguna condici\u00f3n o padecimiento.<\/p>\n<p>Los materiales se entregan tal y como son, con la intenci\u00f3n de que al aplicarlos puedan serle \u00fatiles. Se han hecho esfuerzos posibles para que los temas aqu\u00ed indicados, as\u00ed como sus posibilidades, sean presentados de manera adecuada y detallada, sin embargo, no se garantiza de ninguna manera que usted vaya a obtener alg\u00fan resultado especifico a trav\u00e9z de las t\u00e9cnicas o las ideas incluidas en estos materiales. Las explicaciones y los ejemplos dados no deben interpretarse como un compromiso o garant\u00eda de los posibles resultados.<\/p>\n<p>Los resultados dependen completamente de usted y su pr\u00e1ctica, no es nuestra intenci\u00f3n dar a entender que se garantiza el resultado.<\/p>\n<p>El material entregado en esta pagina web puede incluir informaci\u00f3n o frases que se basan en resultados observados y manifestados por otras personas en el pasado.<\/p>\n<p>Toda previsi\u00f3n incluida aqu\u00ed o en cualquiera de los materiales de venta, tiene la \u00fanica intenci\u00f3n de expresar nuestra opini\u00f3n acerca de los posibles beneficios. Existen muchos factores a considerar al momento de determinar los resultados reales y no se garantiza que usted vaya a conseguir resultados similares a los aqu\u00ed planteados, ni a los de ninguna otra persona, como se menciono antes, no podemos garantizar en ning\u00fan momento que usted vaya a obtener resultado alguno al aplicar las ideas y t\u00e9cnicas que se muestran en esta p\u00e1gina y nuestros materiales.<\/p>\n<p>Copyright ArturoGarciaOlivera.com.<br \/>\nTodos los derechos reservados.<\/p>\n","protected":false},"excerpt":{"rendered":"<p>El material publicado no pretende de ninguna manera substituir un servicio medico profesional. El material aqu\u00ed publicado no pretende diagnosticar, tratar o curar ninguna condici\u00f3n o padecimiento, tampoco se garantiza la prevenci\u00f3n de alguna condici\u00f3n o padecimiento. Los materiales se &hellip; <a href=\"https:\/\/arturogarciaolivera.com\/alineacion-posturas-1\/limitacion-de-responsabilidad\">Sigue leyendo <span class=\"meta-nav\">&rarr;<\/span><\/a><\/p>\n","protected":false},"author":1,"featured_media":0,"parent":0,"menu_order":0,"comment_status":"closed","ping_status":"closed","template":"","meta":{"footnotes":""},"class_list":["post-32","page","type-page","status-publish","hentry"],"_links":{"self":[{"href":"https:\/\/arturogarciaolivera.com\/alineacion-posturas-1\/wp-json\/wp\/v2\/pages\/32","targetHints":{"allow":["GET"]}}],"collection":[{"href":"https:\/\/arturogarciaolivera.com\/alineacion-posturas-1\/wp-json\/wp\/v2\/pages"}],"about":[{"href":"https:\/\/arturogarciaolivera.com\/alineacion-posturas-1\/wp-json\/wp\/v2\/types\/page"}],"author":[{"embeddable":true,"href":"https:\/\/arturogarciaolivera.com\/alineacion-posturas-1\/wp-json\/wp\/v2\/users\/1"}],"replies":[{"embeddable":true,"href":"https:\/\/arturogarciaolivera.com\/alineacion-posturas-1\/wp-json\/wp\/v2\/comments?post=32"}],"version-history":[{"count":1,"href":"https:\/\/arturogarciaolivera.com\/alineacion-posturas-1\/wp-json\/wp\/v2\/pages\/32\/revisions"}],"predecessor-version":[{"id":33,"href":"https:\/\/arturogarciaolivera.com\/alineacion-posturas-1\/wp-json\/wp\/v2\/pages\/32\/revisions\/33"}],"wp:attachment":[{"href":"https:\/\/arturogarciaolivera.com\/alineacion-posturas-1\/wp-json\/wp\/v2\/media?parent=32"}],"curies":[{"name":"wp","href":"https:\/\/api.w.org\/{rel}","templated":true}]}}