{"id":17,"date":"2017-11-17T05:57:00","date_gmt":"2017-11-17T05:57:00","guid":{"rendered":"http:\/\/arturogarciaolivera.com\/curso-chakras\/?page_id=17"},"modified":"2021-01-31T15:27:17","modified_gmt":"2021-01-31T15:27:17","slug":"acceso-al-curso","status":"publish","type":"page","link":"https:\/\/arturogarciaolivera.com\/curso-chakras\/acceso-al-curso\/","title":{"rendered":"Acceso al curso"},"content":{"rendered":"    <form action=\"\" method=\"post\" class=\"loginForm wp_emember_loginForm\" name=\"wp_emember_loginForm\" id=\"wp_emember_loginForm\" >\n        <input type=\"hidden\" id=\"_wpnonce\" name=\"_wpnonce\" value=\"37c5da22eb\" \/><input type=\"hidden\" name=\"_wp_http_referer\" value=\"\/curso-chakras\/wp-json\/wp\/v2\/pages\/17\" \/>        <table width=\"95%\" border=\"0\" cellpadding=\"3\" cellspacing=\"5\" class=\"forms\">\n            <tr>\n                <td colspan=\"2\"><label for=\"login_user_name\" class=\"eMember_label\">Nombre de usuario<\/label><\/td>\n            <\/tr>\n            <tr>\n                <td colspan=\"2\"><input class=\"eMember_text_input\" type=\"text\" id=\"login_user_name\" name=\"login_user_name\" size=\"15\" value=\"\" \/><\/td>\n            <\/tr>\n            <tr>\n                <td colspan=\"2\"><label for=\"login_pwd\" class=\"eMember_label\">Contrase&ntilde;a<\/label><\/td>\n            <\/tr>\n            <tr>\n                <td colspan=\"2\"><input class=\"eMember_text_input\" type=\"password\" id=\"login_pwd\" name=\"login_pwd\" size=\"15\" value=\"\" \/><\/td>\n            <\/tr>\n                            <tr>\n                    <td colspan=\"2\">\n                        <div class=\"eMember_remember_me\"><label><input type=\"checkbox\" tabindex=\"90\" value=\"forever\" id=\"rememberme\" name=\"rememberme\" \/><span class=\"eMember_remember_me_label\"> Acu&eacute;rdate de m&iacute<\/span><\/label><\/div>\n                    <\/td>\n                <\/tr>\n                        <tr class=\"emember-login-captcha-tr\">\n                <td colspan=\"2\" class=\"emember-login-captcha-td\">\n                    <div class=\"emember-login-captcha-section\">\n                                        <\/div>\n                <\/td>\n            <\/tr>\n            <tr>\n                <td colspan=\"2\">\n                    <input type=\"hidden\" value=\"1\" name=\"testcookie\" \/>\n                    <input name=\"doLogin\" type=\"submit\" id=\"doLogin\" class=\"eMember_button emember_login_submit\" value=\"Ingresa al area de miembros\" \/>\n                <\/td>\n            <\/tr>\n            <tr>\n                <td colspan=\"2\">\n                                            <a id=\"forgot_pass\" href=\"https:\/\/arturogarciaolivera.com\/curso-chakras\/reiniciar-contrasena\/\">&iquest;Olvidaste la contrase&ntilde;a?<\/a>\n                                    <\/td>\n            <\/tr>\n            <tr>\n                <td colspan=\"2\"><a id=\"register\" class=\"register_link\" href=\"https:\/\/arturogarciaolivera.com\/curso-chakras\/informes-chakras\/\">&Uacute;nete a nosotros<\/a><\/td>\n            <\/tr>\n            <tr>\n                <td colspan=\"2\"><span class=\"emember_error\">  <\/span><\/td>\n            <\/tr>\n        <\/table>\n    <\/form>\n    \n<p>Si por alguna raz\u00f3n tienes problema para entrar a los videos de esta semana, prueba <a href=\"https:\/\/arturogarciaolivera.com\/curso-chakras\/?event=logout\">[Cerrar sesi\u00f3n]<\/a> y vuelve a entrar con tu nombre de usuario y contrase\u00f1a en la opci\u00f3n <a href=\"https:\/\/arturogarciaolivera.com\/curso-chakras\/acceso-al-curso\/\">[Acceso al curso]<\/a>.<\/p>\n ","protected":false},"excerpt":{"rendered":"<p>Si por alguna raz\u00f3n tienes problema para entrar a los videos de esta semana, prueba [Cerrar sesi\u00f3n] y vuelve a entrar con tu nombre de usuario y contrase\u00f1a en la opci\u00f3n [Acceso al curso].<\/p>\n","protected":false},"author":1,"featured_media":0,"parent":0,"menu_order":0,"comment_status":"closed","ping_status":"closed","template":"","meta":{"_monsterinsights_skip_tracking":false,"_monsterinsights_sitenote_active":false,"_monsterinsights_sitenote_note":"","_monsterinsights_sitenote_category":0,"footnotes":""},"class_list":["post-17","page","type-page","status-publish","hentry"],"_links":{"self":[{"href":"https:\/\/arturogarciaolivera.com\/curso-chakras\/wp-json\/wp\/v2\/pages\/17","targetHints":{"allow":["GET"]}}],"collection":[{"href":"https:\/\/arturogarciaolivera.com\/curso-chakras\/wp-json\/wp\/v2\/pages"}],"about":[{"href":"https:\/\/arturogarciaolivera.com\/curso-chakras\/wp-json\/wp\/v2\/types\/page"}],"author":[{"embeddable":true,"href":"https:\/\/arturogarciaolivera.com\/curso-chakras\/wp-json\/wp\/v2\/users\/1"}],"replies":[{"embeddable":true,"href":"https:\/\/arturogarciaolivera.com\/curso-chakras\/wp-json\/wp\/v2\/comments?post=17"}],"version-history":[{"count":4,"href":"https:\/\/arturogarciaolivera.com\/curso-chakras\/wp-json\/wp\/v2\/pages\/17\/revisions"}],"predecessor-version":[{"id":1129,"href":"https:\/\/arturogarciaolivera.com\/curso-chakras\/wp-json\/wp\/v2\/pages\/17\/revisions\/1129"}],"wp:attachment":[{"href":"https:\/\/arturogarciaolivera.com\/curso-chakras\/wp-json\/wp\/v2\/media?parent=17"}],"curies":[{"name":"wp","href":"https:\/\/api.w.org\/{rel}","templated":true}]}}