{"id":29,"date":"2017-11-17T06:18:53","date_gmt":"2017-11-17T06:18:53","guid":{"rendered":"http:\/\/arturogarciaolivera.com\/curso-chakras\/?page_id=29"},"modified":"2020-02-29T14:37:02","modified_gmt":"2020-02-29T14:37:02","slug":"inicio","status":"publish","type":"page","link":"https:\/\/arturogarciaolivera.com\/curso-chakras\/","title":{"rendered":"Inicio"},"content":{"rendered":"<p style=\"padding-left: 90px;\">Curso te\u00f3rico-pr\u00e1ctico de 1 a\u00f1o basado en t\u00e9cnicas de yoga para aprender a manejar los diferentes tipos de energ\u00eda que fluyen en nuestro cuerpo, permitir\u00e1 comprender mejor nuestra naturaleza f\u00edsica y sobre todo nuestra naturaleza espiritual,\u00a0<strong>inicia tu camino<\/strong>.<\/p>\n<p style=\"padding-left: 90px;\"><a href=\"http:\/\/arturogarciaolivera.com\/curso-chakras\/informacion-del-curso-por-internet\/\">Clic aqu\u00ed si desea registrarse en este curso.<\/a><\/p>\n<p style=\"padding-left: 90px;\"><a href=\"http:\/\/arturogarciaolivera.com\/curso-chakras\/acceso-al-curso\/\">Si ya realizo su registro, ingrese al \u00e1rea de estudiantes aqu\u00ed.<\/a><\/p>\n ","protected":false},"excerpt":{"rendered":"<p>Curso te\u00f3rico-pr\u00e1ctico de 1 a\u00f1o basado en t\u00e9cnicas de yoga para aprender a manejar los diferentes tipos de energ\u00eda que fluyen en nuestro cuerpo, permitir\u00e1 comprender mejor nuestra naturaleza f\u00edsica y sobre todo nuestra naturaleza espiritual,\u00a0inicia tu camino. Clic aqu\u00ed si desea registrarse en este curso. Si ya realizo su registro, ingrese al \u00e1rea de &hellip; <\/p>\n<p class=\"link-more\"><a href=\"https:\/\/arturogarciaolivera.com\/curso-chakras\/\" class=\"more-link\">Continue reading<span class=\"screen-reader-text\"> &#8220;Inicio&#8221;<\/span><\/a><\/p>\n","protected":false},"author":1,"featured_media":0,"parent":0,"menu_order":0,"comment_status":"closed","ping_status":"closed","template":"","meta":{"_monsterinsights_skip_tracking":false,"_monsterinsights_sitenote_active":false,"_monsterinsights_sitenote_note":"","_monsterinsights_sitenote_category":0,"footnotes":""},"class_list":["post-29","page","type-page","status-publish","hentry"],"_links":{"self":[{"href":"https:\/\/arturogarciaolivera.com\/curso-chakras\/wp-json\/wp\/v2\/pages\/29","targetHints":{"allow":["GET"]}}],"collection":[{"href":"https:\/\/arturogarciaolivera.com\/curso-chakras\/wp-json\/wp\/v2\/pages"}],"about":[{"href":"https:\/\/arturogarciaolivera.com\/curso-chakras\/wp-json\/wp\/v2\/types\/page"}],"author":[{"embeddable":true,"href":"https:\/\/arturogarciaolivera.com\/curso-chakras\/wp-json\/wp\/v2\/users\/1"}],"replies":[{"embeddable":true,"href":"https:\/\/arturogarciaolivera.com\/curso-chakras\/wp-json\/wp\/v2\/comments?post=29"}],"version-history":[{"count":8,"href":"https:\/\/arturogarciaolivera.com\/curso-chakras\/wp-json\/wp\/v2\/pages\/29\/revisions"}],"predecessor-version":[{"id":977,"href":"https:\/\/arturogarciaolivera.com\/curso-chakras\/wp-json\/wp\/v2\/pages\/29\/revisions\/977"}],"wp:attachment":[{"href":"https:\/\/arturogarciaolivera.com\/curso-chakras\/wp-json\/wp\/v2\/media?parent=29"}],"curies":[{"name":"wp","href":"https:\/\/api.w.org\/{rel}","templated":true}]}}