{"id":52,"date":"2011-05-21T13:48:45","date_gmt":"2011-05-21T13:48:45","guid":{"rendered":"http:\/\/arturogarciaolivera.com\/curso-yoga-nivel-2\/?page_id=52"},"modified":"2020-03-01T21:18:09","modified_gmt":"2020-03-01T21:18:09","slug":"inicio","status":"publish","type":"page","link":"https:\/\/arturogarciaolivera.com\/curso-yoga-nivel-2\/","title":{"rendered":"Inicio"},"content":{"rendered":"<p style=\"padding-left: 90px;\">Curso que completamente pr\u00e1ctico de 6 meses con sesiones diarias, planeadas para realizar un trabajo de Yoga completo. Recibir\u00e1s 1 sesi\u00f3n diaria de Yoga y relajamiento. Mejora tu salud, bienestar y armon\u00eda, <strong>inicia tu camino<\/strong>.<\/p>\n<p style=\"padding-left: 90px;\"><a href=\"http:\/\/arturogarciaolivera.com\/detalles-nivel2\/\">Clic aqu\u00ed si desea registrarse en este curso.<\/a><\/p>\n<p style=\"padding-left: 90px;\"><a href=\"http:\/\/arturogarciaolivera.com\/curso-yoga-nivel-2\/acceso-al-curso\/\">Si ya realizo su registro, ingrese al \u00e1rea de miembros aqu\u00ed.<\/a><\/p>\n","protected":false},"excerpt":{"rendered":"<p>Curso que completamente pr\u00e1ctico de 6 meses con sesiones diarias, planeadas para realizar un trabajo de Yoga completo. Recibir\u00e1s 1 sesi\u00f3n diaria de Yoga y relajamiento. Mejora tu salud, bienestar y armon\u00eda, inicia tu camino. Clic aqu\u00ed si desea registrarse &hellip; <a href=\"https:\/\/arturogarciaolivera.com\/curso-yoga-nivel-2\/\">Sigue leyendo <span class=\"meta-nav\">&rarr;<\/span><\/a><\/p>\n","protected":false},"author":1,"featured_media":0,"parent":0,"menu_order":0,"comment_status":"closed","ping_status":"open","template":"","meta":{"footnotes":""},"class_list":["post-52","page","type-page","status-publish","hentry"],"_links":{"self":[{"href":"https:\/\/arturogarciaolivera.com\/curso-yoga-nivel-2\/wp-json\/wp\/v2\/pages\/52","targetHints":{"allow":["GET"]}}],"collection":[{"href":"https:\/\/arturogarciaolivera.com\/curso-yoga-nivel-2\/wp-json\/wp\/v2\/pages"}],"about":[{"href":"https:\/\/arturogarciaolivera.com\/curso-yoga-nivel-2\/wp-json\/wp\/v2\/types\/page"}],"author":[{"embeddable":true,"href":"https:\/\/arturogarciaolivera.com\/curso-yoga-nivel-2\/wp-json\/wp\/v2\/users\/1"}],"replies":[{"embeddable":true,"href":"https:\/\/arturogarciaolivera.com\/curso-yoga-nivel-2\/wp-json\/wp\/v2\/comments?post=52"}],"version-history":[{"count":4,"href":"https:\/\/arturogarciaolivera.com\/curso-yoga-nivel-2\/wp-json\/wp\/v2\/pages\/52\/revisions"}],"predecessor-version":[{"id":916,"href":"https:\/\/arturogarciaolivera.com\/curso-yoga-nivel-2\/wp-json\/wp\/v2\/pages\/52\/revisions\/916"}],"wp:attachment":[{"href":"https:\/\/arturogarciaolivera.com\/curso-yoga-nivel-2\/wp-json\/wp\/v2\/media?parent=52"}],"curies":[{"name":"wp","href":"https:\/\/api.w.org\/{rel}","templated":true}]}}