{"id":678,"date":"2021-11-06T00:19:59","date_gmt":"2021-11-06T00:19:59","guid":{"rendered":"https:\/\/arturogarciaolivera.com\/formacion-yoga\/?page_id=678"},"modified":"2021-11-06T00:20:00","modified_gmt":"2021-11-06T00:20:00","slug":"inicio","status":"publish","type":"page","link":"https:\/\/arturogarciaolivera.com\/formacion-yoga\/","title":{"rendered":"Inicio"},"content":{"rendered":"\n<p>El camino para formarse como Instructor de Yoga es la ruta natural para quien desea profundizar en uno mismo. Este proceso de formaci\u00f3n te resultar\u00e1 \u00fatil si deseas compartir las ense\u00f1anzas de Yoga con m\u00e1s personas, dar clases. Si tu intenci\u00f3n no es impartir clases de Yoga, este proceso te permitir\u00e1 profundizar en tu propio proceso.<\/p>\n\n\n\n<p>La formaci\u00f3n de instructores que se ofrece en esta plataforma sigue las ense\u00f1anzas de Hatha Yoga &#8211; Yoga Cl\u00e1sico &#8211; Yoga de Pata\u00f1jali.<\/p>\n\n\n\n<p>Yoga es un sistema filos\u00f3fico que se ha transmitido por miles de a\u00f1os de maestros a alumnos, manteniendo l\u00edneas de aprendizaje que como custodios de la ense\u00f1anza, mantienen viva la luz de Yoga.<\/p>\n\n\n\n<p>En el camino de aprender Yoga, existen dos elementos importantes, la importancia a dedicar tiempo al proceso, esto permite arraigar el conocimiento y aplicarlo en nuestra vida. El segudo elemento es la gu\u00eda de un maestr@, no solo para recibir el conocimiento, pero principalmente para trabajar mas all\u00e1 de nuestro ego.<\/p>\n\n\n\n<p>Este programa de formaci\u00f3n tiene 4 m\u00f3dulos:<\/p>\n\n\n\n<ul class=\"wp-block-list\"><li><strong>Auxiliar<\/strong>: Te brinda las bases te\u00f3ricas, pr\u00e1cticas y filos\u00f3ficas para impartir clases de forma segura.<\/li><li><strong>Monitor<\/strong>: Permite profundizar en el proceso de Yoga y desarrollar la habilidad de planear programas de Clases.<\/li><li><strong>Instructor<\/strong>: La palabra clave de este m\u00f3dulo es el profundizar, buscando que lo que ense\u00f1es dentro de Yoga est\u00e9 basado en tu propio crecimiento. <\/li><li><strong>Certificaci\u00f3n<\/strong>: Este proceso permite valorar el proceso anterior \u00abcertificandolo\u00bb y adem\u00e1s brindar herramientas relacionadas al trabajo interno y metodolog\u00eda de ense\u00f1anza.<\/li><\/ul>\n\n\n\n<p>Disfruta tu proceso&#8230;<\/p>\n\n\n\n<p>Namaste<\/p>\n\n\n\n<p>  <\/p>\n","protected":false},"excerpt":{"rendered":"<p>El camino para formarse como Instructor de Yoga es la ruta natural para quien desea profundizar en uno mismo. Este proceso de formaci\u00f3n te resultar\u00e1 \u00fatil si deseas compartir las ense\u00f1anzas de Yoga con m\u00e1s personas, dar clases. Si tu intenci\u00f3n no es impartir clases de Yoga, este proceso te permitir\u00e1 profundizar en tu propio [&hellip;]<\/p>\n","protected":false},"author":1,"featured_media":0,"parent":0,"menu_order":0,"comment_status":"closed","ping_status":"closed","template":"","meta":{"site-sidebar-layout":"default","site-content-layout":"","ast-site-content-layout":"default","site-content-style":"default","site-sidebar-style":"default","ast-global-header-display":"","ast-banner-title-visibility":"","ast-main-header-display":"","ast-hfb-above-header-display":"","ast-hfb-below-header-display":"","ast-hfb-mobile-header-display":"","site-post-title":"","ast-breadcrumbs-content":"","ast-featured-img":"","footer-sml-layout":"","ast-disable-related-posts":"","theme-transparent-header-meta":"","adv-header-id-meta":"","stick-header-meta":"","header-above-stick-meta":"","header-main-stick-meta":"","header-below-stick-meta":"","astra-migrate-meta-layouts":"default","ast-page-background-enabled":"default","ast-page-background-meta":{"desktop":{"background-color":"var(--ast-global-color-4)","background-image":"","background-repeat":"repeat","background-position":"center center","background-size":"auto","background-attachment":"scroll","background-type":"","background-media":"","overlay-type":"","overlay-color":"","overlay-opacity":"","overlay-gradient":""},"tablet":{"background-color":"","background-image":"","background-repeat":"repeat","background-position":"center center","background-size":"auto","background-attachment":"scroll","background-type":"","background-media":"","overlay-type":"","overlay-color":"","overlay-opacity":"","overlay-gradient":""},"mobile":{"background-color":"","background-image":"","background-repeat":"repeat","background-position":"center center","background-size":"auto","background-attachment":"scroll","background-type":"","background-media":"","overlay-type":"","overlay-color":"","overlay-opacity":"","overlay-gradient":""}},"ast-content-background-meta":{"desktop":{"background-color":"var(--ast-global-color-5)","background-image":"","background-repeat":"repeat","background-position":"center center","background-size":"auto","background-attachment":"scroll","background-type":"","background-media":"","overlay-type":"","overlay-color":"","overlay-opacity":"","overlay-gradient":""},"tablet":{"background-color":"var(--ast-global-color-5)","background-image":"","background-repeat":"repeat","background-position":"center center","background-size":"auto","background-attachment":"scroll","background-type":"","background-media":"","overlay-type":"","overlay-color":"","overlay-opacity":"","overlay-gradient":""},"mobile":{"background-color":"var(--ast-global-color-5)","background-image":"","background-repeat":"repeat","background-position":"center center","background-size":"auto","background-attachment":"scroll","background-type":"","background-media":"","overlay-type":"","overlay-color":"","overlay-opacity":"","overlay-gradient":""}},"footnotes":""},"class_list":["post-678","page","type-page","status-publish","hentry"],"_links":{"self":[{"href":"https:\/\/arturogarciaolivera.com\/formacion-yoga\/wp-json\/wp\/v2\/pages\/678","targetHints":{"allow":["GET"]}}],"collection":[{"href":"https:\/\/arturogarciaolivera.com\/formacion-yoga\/wp-json\/wp\/v2\/pages"}],"about":[{"href":"https:\/\/arturogarciaolivera.com\/formacion-yoga\/wp-json\/wp\/v2\/types\/page"}],"author":[{"embeddable":true,"href":"https:\/\/arturogarciaolivera.com\/formacion-yoga\/wp-json\/wp\/v2\/users\/1"}],"replies":[{"embeddable":true,"href":"https:\/\/arturogarciaolivera.com\/formacion-yoga\/wp-json\/wp\/v2\/comments?post=678"}],"version-history":[{"count":1,"href":"https:\/\/arturogarciaolivera.com\/formacion-yoga\/wp-json\/wp\/v2\/pages\/678\/revisions"}],"predecessor-version":[{"id":679,"href":"https:\/\/arturogarciaolivera.com\/formacion-yoga\/wp-json\/wp\/v2\/pages\/678\/revisions\/679"}],"wp:attachment":[{"href":"https:\/\/arturogarciaolivera.com\/formacion-yoga\/wp-json\/wp\/v2\/media?parent=678"}],"curies":[{"name":"wp","href":"https:\/\/api.w.org\/{rel}","templated":true}]}}