{"id":816,"date":"2021-12-03T02:23:54","date_gmt":"2021-12-03T02:23:54","guid":{"rendered":"https:\/\/arturogarciaolivera.com\/formacion-yoga\/?page_id=816"},"modified":"2022-02-27T16:57:34","modified_gmt":"2022-02-27T16:57:34","slug":"formacion-de-instructores-de-yoga","status":"publish","type":"page","link":"https:\/\/arturogarciaolivera.com\/formacion-yoga\/formacion-de-instructores-de-yoga\/","title":{"rendered":"Informes &#8211; Formaci\u00f3n de Instructores de Yoga"},"content":{"rendered":"<p><center><iframe loading=\"lazy\" width=\"560\" height=\"315\" src=\"https:\/\/www.youtube.com\/embed\/CpIZsficV1Y?rel=0\" title=\"YouTube video player\" frameborder=\"0\" allow=\"accelerometer; autoplay=1; clipboard-write; encrypted-media; gyroscope; picture-in-picture\" allowfullscreen=\"\"><\/iframe><\/center><\/p>\n\n\n\n<p>Este curso de formaci\u00f3n se ha impartido desde hace mas de 20 a\u00f1os.<\/p>\n\n\n\n<p>Tiene duraci\u00f3n de 3 a\u00f1os.<\/p>\n\n\n\n<p>Durante esta formaci\u00f3n se valora el proceso dentro de yoga. Aquello que el\/la intructor(a) transmite es aquello que ha vivido en su propio proceso, esto da profundidad a la ense\u00f1anza.<\/p>\n\n\n\n<p>No solo se trata de dominar los temas que se imparten, es importante la vivencia de los conceptos, entender la historia, filosof\u00eda y principios de yoga a nivel de aplicarlos de forma pr\u00e1ctica en nuestras vidas.<\/p>\n\n\n\n<p>Tambi\u00e9n damos enfasis en  la planeaci\u00f3n de clases y programas de clases, de tal forma que logremos impartir procesos de yoga con la intenci\u00f3n de apoyar a nuestr@s alumn@s de yoga en su propio camino. No se trata solo de colocar una postura detr\u00e1s de otra improvisando las clases. Como instructor(a) tienes la posibilidad de caminar junto a tus alumn@s el sendero de Yoga.<\/p>\n\n\n<p><center><iframe loading=\"lazy\" width=\"560\" height=\"315\" src=\"https:\/\/www.youtube.com\/embed\/E-UiYuiiga8?rel=0\" title=\"YouTube video player\" frameborder=\"0\" allow=\"accelerometer; autoplay; clipboard-write; encrypted-media; gyroscope; picture-in-picture\" allowfullscreen=\"\"><\/iframe><\/center><\/p>\n\n\n\n<div style=\"height:64px\" aria-hidden=\"true\" class=\"wp-block-spacer\"><\/div>\n\n\n\n<p><strong>\u00bfPara qui\u00e9n est\u00e1 dirigido este curso de formaci\u00f3n?<\/strong><\/p>\n\n\n\n<p>1) Para aquellas personas que desean profundizar en el camino de Yoga.<\/p>\n\n\n\n<p>2) Para quienes desean capacitarse para impartir clases de Yoga.<\/p>\n\n\n\n<p>3) Para quienes ya son Instructores y desean afianzar aquello que aprendieron y sobre todo, b\u00fascan entrar en un proceso de trabajo interno de trabajo a largo plazo.<\/p>\n\n\n\n<p>Este curso no solo tiene el objetivo de ense\u00f1ar a dar clases de Yoga, tambi\u00e9n se busca desarrollar un camino de trabajo interno.<\/p>\n\n\n\n<div style=\"height:43px\" aria-hidden=\"true\" class=\"wp-block-spacer\"><\/div>\n\n\n\n<p><strong>Formato del curso:<\/strong><\/p>\n\n\n\n<ul class=\"wp-block-list\"><li>Curso por internet<\/li><li>Temas pre-grabados<\/li><li>Sesiones en vivo por internet<\/li><li>Sesiones de pr\u00e1cticas en vivo (por internet)<\/li><li>Al inicio de cada mes se hace la entrega de temas y el calendario de sesiones en vivo<\/li><\/ul>\n\n\n<p><center><iframe loading=\"lazy\" width=\"560\" height=\"315\" src=\"https:\/\/www.youtube.com\/embed\/1GwrbN9SBk4?rel=0\" title=\"YouTube video player\" frameborder=\"0\" allow=\"accelerometer; autoplay; clipboard-write; encrypted-media; gyroscope; picture-in-picture\" allowfullscreen=\"\"><\/iframe><\/center><\/p>\n\n\n\n<div style=\"height:48px\" aria-hidden=\"true\" class=\"wp-block-spacer\"><\/div>\n\n\n\n<p><strong>Materiales:<\/strong><\/p>\n\n\n\n<ul class=\"wp-block-list\"><li>Videos<\/li><li>Audios<\/li><li>Textos<\/li><\/ul>\n\n\n\n<div style=\"height:48px\" aria-hidden=\"true\" class=\"wp-block-spacer\"><\/div>\n\n\n\n<p><strong>Duraci\u00f3n:<\/strong><\/p>\n\n\n\n<ul class=\"wp-block-list\"><li>3 a\u00f1os<ul><li>Auxiliar (10 meses)<\/li><li>Monitor (10 meses)<\/li><li>Instructor (10 meses)<\/li><li>Certificaci\u00f3n (6 meses)<\/li><\/ul><\/li><\/ul>\n\n\n\n<p>Aclaraci\u00f3n: Si tu prop\u00f3sito es dar clases de yoga, no tienes que esperar 3 a\u00f1os a que termine el curso. De hecho, a partir del mes 6 se te invitar\u00e1 a que inicies con tus primeras pr\u00e1cticas compartiendo Yoga con alguien mas. De tal forma que la experiencia de estar frente a personas la vayas generando desde los primeros meses del curso.<\/p>\n\n\n\n<div style=\"height:48px\" aria-hidden=\"true\" class=\"wp-block-spacer\"><\/div>\n\n\n\n<p><strong>Los 3 a\u00f1os del curso est\u00e1n divididos en 4 partes:<\/strong><\/p>\n\n\n\n<ul class=\"wp-block-list\"><li>Auxiliar de clase de Yoga<\/li><li>Monitor de clases de Yoga<\/li><li>Instructor de Yoga<\/li><li>Certificaci\u00f3n como Instructor de Yoga<\/li><\/ul>\n\n\n\n<div style=\"height:48px\" aria-hidden=\"true\" class=\"wp-block-spacer\"><\/div>\n\n\n\n<p><strong>Las \u00e1reas principales que abarca el curso son:<\/strong><\/p>\n\n\n\n<ul class=\"wp-block-list\"><li>Repasos<\/li><li>Preparaci\u00f3n &#8211; Acondicionamiento &#8211; Calentamiento<\/li><li>Asanas o Posturas de Yoga<\/li><li>Anatom\u00eda f\u00edsica y sutil<\/li><li>Historia y Filosof\u00eda<\/li><li>Temas de estudio<\/li><li>M\u00e9todos de meditaci\u00f3n y relajamiento<\/li><\/ul>\n\n\n\n<div style=\"height:48px\" aria-hidden=\"true\" class=\"wp-block-spacer\"><\/div>\n\n\n\n<p><strong>Temas de apoyo:<\/strong><\/p>\n\n\n\n<ul class=\"wp-block-list\"><li>Pr\u00e1ctica de yoga personal<\/li><li>Libros de estudio<\/li><li>Observaci\u00f3n de clases<\/li><li>Asistencia a clases<\/li><li>Karma Yoga<\/li><li>Sesiones de Instructores<\/li><\/ul>\n\n\n<p><center><iframe loading=\"lazy\" width=\"560\" height=\"315\" src=\"https:\/\/www.youtube.com\/embed\/BTepTFQSMhQ?rel=0\" title=\"YouTube video player\" frameborder=\"0\" allow=\"accelerometer; autoplay; clipboard-write; encrypted-media; gyroscope; picture-in-picture\" allowfullscreen=\"\"><\/iframe><\/center><\/p>\n\n\n\n<div style=\"height:100px\" aria-hidden=\"true\" class=\"wp-block-spacer\"><\/div>\n\n\n\n<p><strong>Estructura de cada m\u00f3dulo:<\/strong><\/p>\n\n\n\n<ul class=\"wp-block-list\"><li>Cada uno de las 4 \u00e1reas del curso (Auxiliar, Monitor, Instructor y Certificaci\u00f3n), estan formados por m\u00f3dulos mensuales.<\/li><li>Cada m\u00f3dulo mensual esta compuesto de temas de estudio, lecturas, videos, audios, cap\u00edtulos de l\u00edbros recomendados, proyectos de aprendizaje.<\/li><\/ul>\n\n\n\n<div style=\"height:48px\" aria-hidden=\"true\" class=\"wp-block-spacer\"><\/div>\n\n\n\n<p><strong>Evaluaci\u00f3n:<\/strong><\/p>\n\n\n\n<ul class=\"wp-block-list\"><li>Tu participaci\u00f3n en el curso es fundamental<\/li><li>Los proyectos son herramientas importantes de aprendizaje<\/li><li>Tambi\u00e9n tus pr\u00e1cticas (impartiendo y asistiendo a clase)<\/li><li>En las dos primeras partes del curso (auxiliar y monitor) se realiar\u00e1n tareas y proyectos<\/li><li>El m\u00f3dulo de certificaci\u00f3n contiene tambien evaluaciones te\u00f3ricas y pr\u00e1cticas<\/li><\/ul>\n\n\n<p><center><iframe loading=\"lazy\" width=\"560\" height=\"315\" src=\"https:\/\/www.youtube.com\/embed\/6yzFIGnoQUE?rel=0\" title=\"YouTube video player\" frameborder=\"0\" allow=\"accelerometer; autoplay; clipboard-write; encrypted-media; gyroscope; picture-in-picture\" allowfullscreen=\"\"><\/iframe><\/center><\/p>\n\n\n\n<div style=\"height:71px\" aria-hidden=\"true\" class=\"wp-block-spacer\"><\/div>\n\n\n\n<p><strong>Sobre los temas generales:<\/strong><\/p>\n\n\n\n<p>Cada categor\u00eda de temas dentro del curso tiene cierto n\u00famero de horas acreditadas.<\/p>\n\n\n<p><center><iframe loading=\"lazy\" width=\"560\" height=\"315\" src=\"https:\/\/www.youtube.com\/embed\/r1tfF5xV4SM?rel=0\" title=\"YouTube video player\" frameborder=\"0\" allow=\"accelerometer; autoplay; clipboard-write; encrypted-media; gyroscope; picture-in-picture\" allowfullscreen=\"\"><\/iframe><\/center><\/p>\n\n\n\n<div style=\"height:71px\" aria-hidden=\"true\" class=\"wp-block-spacer\"><\/div>\n\n\n\n<p><strong>Enfoque de los temas generales:<\/strong><\/p>\n\n\n\n<p>Cada segmento del curso tiene un enfoque general, de tal forma que los temas que forman el contenido del curso te acompa\u00f1en en tu trabajo interno .<\/p>\n\n\n\n<p>El primer m\u00f3dulo (Auxiliar) tiene un mayor enfoque en la parte f\u00edsica (tanto en la pr\u00e1ctica como en la parte de anatom\u00eda). Gradualmente, conforme avanzamos en el curso, vamos profundizando en los temas m\u00e1s sutiles y energ\u00e9ticos. Por ejemplo, los temas de historia, filosof\u00eda de yoga y meditaci\u00f3n aumentan en el segmento de Instructor.<\/p>\n\n\n\n<p>Las categor\u00edas relacionadas a la pr\u00e1ctica f\u00edsica, libros de estudio, asistencia a clase, karma yoga y sesiones de instructores, se mantienen constantes a lo largo del curso ya que son elementos importantes a lo largo de la formaci\u00f3n.<\/p>\n\n\n<p><center><iframe loading=\"lazy\" width=\"560\" height=\"315\" src=\"https:\/\/www.youtube.com\/embed\/5--DOEEB7fk?rel=0\" title=\"YouTube video player\" frameborder=\"0\" allow=\"accelerometer; autoplay; clipboard-write; encrypted-media; gyroscope; picture-in-picture\" allowfullscreen=\"\"><\/iframe><\/center><\/p>\n\n\n\n<div style=\"height:71px\" aria-hidden=\"true\" class=\"wp-block-spacer\"><\/div>\n\n\n\n<p><strong>Sobre la estructura:<\/strong><\/p>\n\n\n\n<p>Las diferentes categor\u00edas estan compuestas por diversos temas y cada tema tiene una duraci\u00f3n espec\u00edfica. <\/p>\n\n\n\n<p>Hay un enfoque intencional de iniciar con mayor \u00e9nfasis en lo f\u00edsico y pr\u00e1ctico; lo cual te permitir\u00e1 impartir clases a partir del m\u00f3dulo 6 y a lo largo del curso vas avanzando en tu proceso interno.<\/p>\n\n\n\n<p>La idea es que al final del curso puedas compartir Yoga desde tu vivencia y experiencia, no se trata solo de ense\u00f1ar secuencias de posturas copiadas o memorizadas, vamos a buscar que lo que ense\u00f1es est\u00e9 basado en tu propio proceso interno. En otras palabras, que se tenga una congruencia entre lo que ense\u00f1as y lo que da forma a tu propio camino.<\/p>\n\n\n\n<p>En este curso tomamos ventaja de la tecnolog\u00eda que nos permite mantener una comunicaci\u00f3n cont\u00ednua.<\/p>\n\n\n<p><center><iframe loading=\"lazy\" width=\"560\" height=\"315\" src=\"https:\/\/www.youtube.com\/embed\/_EPNxPFmqWM?rel=0\" title=\"YouTube video player\" frameborder=\"0\" allow=\"accelerometer; autoplay; clipboard-write; encrypted-media; gyroscope; picture-in-picture\" allowfullscreen=\"\"><\/iframe><\/center><\/p>\n\n\n\n<div style=\"height:71px\" aria-hidden=\"true\" class=\"wp-block-spacer\"><\/div>\n\n\n\n<p><strong>\u00bfQue direcci\u00f3n lleva el curso?:<\/strong><\/p>\n\n\n<p><center><iframe loading=\"lazy\" width=\"560\" height=\"315\" src=\"https:\/\/www.youtube.com\/embed\/zUmESqSxgQQ?rel=0\" title=\"YouTube video player\" frameborder=\"0\" allow=\"accelerometer; autoplay; clipboard-write; encrypted-media; gyroscope; picture-in-picture\" allowfullscreen=\"\"><\/iframe><\/center><\/p>\n\n\n\n<div style=\"height:71px\" aria-hidden=\"true\" class=\"wp-block-spacer\"><\/div>\n\n\n\n<p><strong>Cada tema esta conectado con temas anteriores y pr\u00f3ximos:<\/strong><\/p>\n\n\n\n<p>A lo largo del curso se siguen 3 ejes principales relacionados a la historia y filosof\u00eda del Yoga, temas de estudio y meditaci\u00f3n.<\/p>\n\n\n<p><center><iframe loading=\"lazy\" width=\"560\" height=\"315\" src=\"https:\/\/www.youtube.com\/embed\/kXb1ZkzN9lI?rel=0\" title=\"YouTube video player\" frameborder=\"0\" allow=\"accelerometer; autoplay; clipboard-write; encrypted-media; gyroscope; picture-in-picture\" allowfullscreen=\"\"><\/iframe><\/center><\/p>\n\n\n\n<div style=\"height:71px\" aria-hidden=\"true\" class=\"wp-block-spacer\"><\/div>\n\n\n\n<p><strong>Fecha de inicio y costo:<\/strong><\/p>\n\n\n\n<p>El inicio de este proceso de 3 a\u00f1os ser\u00e1: ********** <\/p>\n\n\n\n<p>Cada uno de los m\u00f3dulos se libera el primer d\u00eda del mes.<\/p>\n\n\n\n<p>Costos <strong>para alumnos nuevos<\/strong>:  <\/p>\n\n\n\n<ul class=\"wp-block-list\"><li>$1,500 Costo mensual<\/li><\/ul>\n\n\n\n<div style=\"height:59px\" aria-hidden=\"true\" class=\"wp-block-spacer\"><\/div>\n\n\n\n<p>Costos <strong>para alumnos que ya han participado<\/strong> en cursos anteriores:<\/p>\n\n\n\n<ul class=\"wp-block-list\"><li>$1,280 Costo mensual<\/li><\/ul>\n\n\n\n<p><em>Preguntanos sobre descuentos en pagos anuales.<\/em><\/p>\n\n\n\n<p>Los pagos se realizan por paypal (un sistema seguro de pagos).<\/p>\n\n\n<p><center><iframe loading=\"lazy\" width=\"560\" height=\"315\" src=\"https:\/\/www.youtube.com\/embed\/aSBBStvwao4?rel=0\" title=\"YouTube video player\" frameborder=\"0\" allow=\"accelerometer; autoplay; clipboard-write; encrypted-media; gyroscope; picture-in-picture\" allowfullscreen=\"\"><\/iframe><\/center><\/p>\n\n\n\n<div style=\"height:77px\" aria-hidden=\"true\" class=\"wp-block-spacer\"><\/div>\n\n\n\n<h1 class=\"has-text-align-center has-white-color has-vivid-cyan-blue-background-color has-text-color has-background wp-block-heading\">Para reservar tu lugar:<\/h1>\n\n\n\n<p>Env\u00eda un mensaje por WhatsApp a Laura o Arturo para avisar de tu intenci\u00f3n de participar.<\/p>\n\n\n\n<figure class=\"wp-block-table\"><table><tbody><tr><td class=\"has-text-align-center\" data-align=\"center\">Laura:<br><br><a href=\"https:\/\/wa.me\/524421726755\/?text=Quiero%20participar%20en%20el%20curso%20de%20formacion\"><img decoding=\"async\" class=\"wp-image-547\" style=\"width: 150px;\" src=\"https:\/\/arturogarciaolivera.com\/wp-content\/uploads\/2021\/11\/WhatsappLogo.png\" alt=\"\"><\/a><\/td><td class=\"has-text-align-center\" data-align=\"center\">Arturo:<br><br><a href=\"https:\/\/wa.me\/17058698779\/?text=Quiero%20participar%20en%20el%20curso%20de%20formacion\"><img decoding=\"async\" class=\"wp-image-547\" style=\"width: 150px;\" src=\"https:\/\/arturogarciaolivera.com\/wp-content\/uploads\/2021\/11\/WhatsappLogo.png\" alt=\"\"><\/a><\/td><\/tr><\/tbody><\/table><\/figure>\n","protected":false},"excerpt":{"rendered":"<p>Este curso de formaci\u00f3n se ha impartido desde hace mas de 20 a\u00f1os. Tiene duraci\u00f3n de 3 a\u00f1os. Durante esta formaci\u00f3n se valora el proceso dentro de yoga. Aquello que el\/la intructor(a) transmite es aquello que ha vivido en su propio proceso, esto da profundidad a la ense\u00f1anza. No solo se trata de dominar los [&hellip;]<\/p>\n","protected":false},"author":1,"featured_media":0,"parent":0,"menu_order":0,"comment_status":"closed","ping_status":"closed","template":"","meta":{"site-sidebar-layout":"default","site-content-layout":"","ast-site-content-layout":"default","site-content-style":"default","site-sidebar-style":"default","ast-global-header-display":"","ast-banner-title-visibility":"","ast-main-header-display":"","ast-hfb-above-header-display":"","ast-hfb-below-header-display":"","ast-hfb-mobile-header-display":"","site-post-title":"","ast-breadcrumbs-content":"","ast-featured-img":"","footer-sml-layout":"","ast-disable-related-posts":"","theme-transparent-header-meta":"","adv-header-id-meta":"","stick-header-meta":"","header-above-stick-meta":"","header-main-stick-meta":"","header-below-stick-meta":"","astra-migrate-meta-layouts":"default","ast-page-background-enabled":"default","ast-page-background-meta":{"desktop":{"background-color":"var(--ast-global-color-4)","background-image":"","background-repeat":"repeat","background-position":"center center","background-size":"auto","background-attachment":"scroll","background-type":"","background-media":"","overlay-type":"","overlay-color":"","overlay-opacity":"","overlay-gradient":""},"tablet":{"background-color":"","background-image":"","background-repeat":"repeat","background-position":"center center","background-size":"auto","background-attachment":"scroll","background-type":"","background-media":"","overlay-type":"","overlay-color":"","overlay-opacity":"","overlay-gradient":""},"mobile":{"background-color":"","background-image":"","background-repeat":"repeat","background-position":"center center","background-size":"auto","background-attachment":"scroll","background-type":"","background-media":"","overlay-type":"","overlay-color":"","overlay-opacity":"","overlay-gradient":""}},"ast-content-background-meta":{"desktop":{"background-color":"var(--ast-global-color-5)","background-image":"","background-repeat":"repeat","background-position":"center center","background-size":"auto","background-attachment":"scroll","background-type":"","background-media":"","overlay-type":"","overlay-color":"","overlay-opacity":"","overlay-gradient":""},"tablet":{"background-color":"var(--ast-global-color-5)","background-image":"","background-repeat":"repeat","background-position":"center center","background-size":"auto","background-attachment":"scroll","background-type":"","background-media":"","overlay-type":"","overlay-color":"","overlay-opacity":"","overlay-gradient":""},"mobile":{"background-color":"var(--ast-global-color-5)","background-image":"","background-repeat":"repeat","background-position":"center center","background-size":"auto","background-attachment":"scroll","background-type":"","background-media":"","overlay-type":"","overlay-color":"","overlay-opacity":"","overlay-gradient":""}},"footnotes":""},"class_list":["post-816","page","type-page","status-publish","hentry"],"_links":{"self":[{"href":"https:\/\/arturogarciaolivera.com\/formacion-yoga\/wp-json\/wp\/v2\/pages\/816","targetHints":{"allow":["GET"]}}],"collection":[{"href":"https:\/\/arturogarciaolivera.com\/formacion-yoga\/wp-json\/wp\/v2\/pages"}],"about":[{"href":"https:\/\/arturogarciaolivera.com\/formacion-yoga\/wp-json\/wp\/v2\/types\/page"}],"author":[{"embeddable":true,"href":"https:\/\/arturogarciaolivera.com\/formacion-yoga\/wp-json\/wp\/v2\/users\/1"}],"replies":[{"embeddable":true,"href":"https:\/\/arturogarciaolivera.com\/formacion-yoga\/wp-json\/wp\/v2\/comments?post=816"}],"version-history":[{"count":10,"href":"https:\/\/arturogarciaolivera.com\/formacion-yoga\/wp-json\/wp\/v2\/pages\/816\/revisions"}],"predecessor-version":[{"id":1042,"href":"https:\/\/arturogarciaolivera.com\/formacion-yoga\/wp-json\/wp\/v2\/pages\/816\/revisions\/1042"}],"wp:attachment":[{"href":"https:\/\/arturogarciaolivera.com\/formacion-yoga\/wp-json\/wp\/v2\/media?parent=816"}],"curies":[{"name":"wp","href":"https:\/\/api.w.org\/{rel}","templated":true}]}}