{"id":21,"date":"2012-03-23T15:09:53","date_gmt":"2012-03-23T15:09:53","guid":{"rendered":"http:\/\/arturogarciaolivera.com\/manejo-de-emociones-con-yoga\/?page_id=21"},"modified":"2020-03-04T03:55:26","modified_gmt":"2020-03-04T03:55:26","slug":"inicio","status":"publish","type":"page","link":"https:\/\/arturogarciaolivera.com\/manejo-de-emociones-con-yoga\/","title":{"rendered":"Inicio"},"content":{"rendered":"<p>El curso \u00abManejo de emociones con Yoga\u00bb es una experiencia vivencial. Durante las pr\u00e1cticas de este taller conocer\u00e1s herramientas que te permitir\u00e1n manejar adecuadamente tus emociones y poder canalizar esa energ\u00eda. <strong>Aprende a manejar tus emociones y que tus emociones no te manejen<\/strong>.<\/p>\n<p><a href=\"http:\/\/arturogarciaolivera.com\/manejo-de-emociones-con-yoga\/informacion-del-curso-por-internet-manejo-de-emociones\/\">Clic aqu\u00ed si desea registrarse en este curso.<\/a><\/p>\n<p><a href=\"http:\/\/arturogarciaolivera.com\/manejo-de-emociones-con-yoga\/acceso-al-curso\/\">Si ya realizo su registro, ingrese al \u00e1rea de miembros aqu\u00ed.<\/a><\/p>\n\n\n<p><\/p>\n","protected":false},"excerpt":{"rendered":"<p>El curso \u00abManejo de emociones con Yoga\u00bb es una experiencia vivencial. Durante las pr\u00e1cticas de este taller conocer\u00e1s herramientas que te permitir\u00e1n manejar adecuadamente tus emociones y poder canalizar esa energ\u00eda. Aprende a manejar tus emociones y que tus emociones no te manejen. Clic aqu\u00ed si desea registrarse en este curso. Si ya realizo su &hellip; <\/p>\n<p class=\"link-more\"><a href=\"https:\/\/arturogarciaolivera.com\/manejo-de-emociones-con-yoga\/\" class=\"more-link\">Continuar leyendo<span class=\"screen-reader-text\"> \u00abInicio\u00bb<\/span><\/a><\/p>\n","protected":false},"author":1,"featured_media":0,"parent":0,"menu_order":0,"comment_status":"closed","ping_status":"open","template":"","meta":{"footnotes":""},"class_list":["post-21","page","type-page","status-publish","hentry"],"_links":{"self":[{"href":"https:\/\/arturogarciaolivera.com\/manejo-de-emociones-con-yoga\/wp-json\/wp\/v2\/pages\/21","targetHints":{"allow":["GET"]}}],"collection":[{"href":"https:\/\/arturogarciaolivera.com\/manejo-de-emociones-con-yoga\/wp-json\/wp\/v2\/pages"}],"about":[{"href":"https:\/\/arturogarciaolivera.com\/manejo-de-emociones-con-yoga\/wp-json\/wp\/v2\/types\/page"}],"author":[{"embeddable":true,"href":"https:\/\/arturogarciaolivera.com\/manejo-de-emociones-con-yoga\/wp-json\/wp\/v2\/users\/1"}],"replies":[{"embeddable":true,"href":"https:\/\/arturogarciaolivera.com\/manejo-de-emociones-con-yoga\/wp-json\/wp\/v2\/comments?post=21"}],"version-history":[{"count":6,"href":"https:\/\/arturogarciaolivera.com\/manejo-de-emociones-con-yoga\/wp-json\/wp\/v2\/pages\/21\/revisions"}],"predecessor-version":[{"id":310,"href":"https:\/\/arturogarciaolivera.com\/manejo-de-emociones-con-yoga\/wp-json\/wp\/v2\/pages\/21\/revisions\/310"}],"wp:attachment":[{"href":"https:\/\/arturogarciaolivera.com\/manejo-de-emociones-con-yoga\/wp-json\/wp\/v2\/media?parent=21"}],"curies":[{"name":"wp","href":"https:\/\/api.w.org\/{rel}","templated":true}]}}