{"id":315,"date":"2020-03-05T21:22:04","date_gmt":"2020-03-05T21:22:04","guid":{"rendered":"http:\/\/arturogarciaolivera.com\/manejo-de-emociones-con-yoga\/?page_id=315"},"modified":"2020-03-08T03:55:36","modified_gmt":"2020-03-08T03:55:36","slug":"deseo-informacion-o-registrarme-al-curso","status":"publish","type":"page","link":"https:\/\/arturogarciaolivera.com\/manejo-de-emociones-con-yoga\/deseo-informacion-o-registrarme-al-curso\/","title":{"rendered":"Deseo informaci\u00f3n o registrarme al curso"},"content":{"rendered":"\n<p>Gracias por tu inter\u00e9s en participar en el curso: Manejo de Centros de Energ\u00eda con t\u00e9cnicas de Yoga.<\/p>\n\n\n\n<p>Env\u00edame las siguientes datos y te contactar\u00e9 con mas informaci\u00f3n.<\/p>\n\n\n\n<div class=\"wpforms-container wpforms-container-full\" id=\"wpforms-314\"><form id=\"wpforms-form-314\" class=\"wpforms-validate wpforms-form\" data-formid=\"314\" method=\"post\" enctype=\"multipart\/form-data\" action=\"\/manejo-de-emociones-con-yoga\/wp-json\/wp\/v2\/pages\/315\" data-token=\"cbbc1de61d11e0c915474d7228c169b8\" data-token-time=\"1775624775\"><noscript class=\"wpforms-error-noscript\">Por favor, activa JavaScript en tu navegador para completar este formulario.<\/noscript><div class=\"wpforms-field-container\"><div id=\"wpforms-314-field_1-container\" class=\"wpforms-field wpforms-field-text\" data-field-id=\"1\"><label class=\"wpforms-field-label\" for=\"wpforms-314-field_1\">Nombre: <span class=\"wpforms-required-label\">*<\/span><\/label><input type=\"text\" id=\"wpforms-314-field_1\" class=\"wpforms-field-medium wpforms-field-required\" name=\"wpforms[fields][1]\" required><\/div><div id=\"wpforms-314-field_2-container\" class=\"wpforms-field wpforms-field-email\" data-field-id=\"2\"><label class=\"wpforms-field-label\">Correo electr\u00f3nico: <span class=\"wpforms-required-label\">*<\/span><\/label><div class=\"wpforms-field-row wpforms-field-medium\"><div class=\"wpforms-field-row-block wpforms-one-half wpforms-first\"><input type=\"email\" id=\"wpforms-314-field_2\" class=\"wpforms-field-required wpforms-field-email-primary\" name=\"wpforms[fields][2][primary]\" spellcheck=\"false\" required><label for=\"wpforms-314-field_2\" class=\"wpforms-field-sublabel after\">Correo electr\u00f3nico<\/label><\/div><div class=\"wpforms-field-row-block wpforms-one-half\"><input type=\"email\" id=\"wpforms-314-field_2-secondary\" class=\"wpforms-field-email-secondary wpforms-field-required\" data-rule-confirm=\"#wpforms-314-field_2\" name=\"wpforms[fields][2][secondary]\" spellcheck=\"false\" required><label for=\"wpforms-314-field_2-secondary\" class=\"wpforms-field-sublabel after\">Confirmar el correo electr\u00f3nico<\/label><\/div><\/div><\/div><div id=\"wpforms-314-field_3-container\" class=\"wpforms-field wpforms-field-text\" data-field-id=\"3\"><label class=\"wpforms-field-label\" for=\"wpforms-314-field_3\">N\u00famero tel\u00e9f\u00f3nico: <span class=\"wpforms-required-label\">*<\/span><\/label><input type=\"text\" id=\"wpforms-314-field_3\" class=\"wpforms-field-medium wpforms-field-required\" name=\"wpforms[fields][3]\" required><\/div><div id=\"wpforms-314-field_4-container\" class=\"wpforms-field wpforms-field-select wpforms-field-select-style-classic\" data-field-id=\"4\"><label class=\"wpforms-field-label\" for=\"wpforms-314-field_4\">\u00bfUsas WhatsApp? <span class=\"wpforms-required-label\">*<\/span><\/label><select id=\"wpforms-314-field_4\" class=\"wpforms-field-medium wpforms-field-required\" name=\"wpforms[fields][4]\" required=\"required\"><option value=\"Elegir una opci\u00f3n...\"  class=\"choice-1 depth-1\"  >Elegir una opci\u00f3n...<\/option><option value=\"Si uso WhatsApp\"  class=\"choice-2 depth-1\"  >Si uso WhatsApp<\/option><option value=\"No uso WhatsApp\"  class=\"choice-3 depth-1\"  >No uso WhatsApp<\/option><\/select><\/div><div id=\"wpforms-314-field_5-container\" class=\"wpforms-field wpforms-field-text\" data-field-id=\"5\"><label class=\"wpforms-field-label\" for=\"wpforms-314-field_5\">Ciudad \/ Estado \/ Pa\u00eds: <span class=\"wpforms-required-label\">*<\/span><\/label><input type=\"text\" id=\"wpforms-314-field_5\" class=\"wpforms-field-medium wpforms-field-required\" name=\"wpforms[fields][5]\" required><\/div><div id=\"wpforms-314-field_6-container\" class=\"wpforms-field wpforms-field-select wpforms-field-select-style-classic\" data-field-id=\"6\"><label class=\"wpforms-field-label\" for=\"wpforms-314-field_6\">Tu experiencia en Yoga es: <span class=\"wpforms-required-label\">*<\/span><\/label><select id=\"wpforms-314-field_6\" class=\"wpforms-field-medium wpforms-field-required\" name=\"wpforms[fields][6]\" required=\"required\"><option value=\"Elige una opci\u00f3n...\"  class=\"choice-1 depth-1\"  >Elige una opci\u00f3n...<\/option><option value=\"No tengo experiencia en Yoga\"  class=\"choice-2 depth-1\"  >No tengo experiencia en Yoga<\/option><option value=\"1 a 6 meses practicando\"  class=\"choice-3 depth-1\"  >1 a 6 meses practicando<\/option><option value=\"7 meses o m\u00e1s practicando\"  class=\"choice-6 depth-1\"  >7 meses o m\u00e1s practicando<\/option><option value=\"Doy clases de Yoga - Instructor\/a\"  class=\"choice-5 depth-1\"  >Doy clases de Yoga - Instructor\/a<\/option><option value=\"Amplia experiencia en Yoga - Maestro\/a\"  class=\"choice-4 depth-1\"  >Amplia experiencia en Yoga - Maestro\/a<\/option><\/select><\/div><div id=\"wpforms-314-field_7-container\" class=\"wpforms-field wpforms-field-select wpforms-field-select-style-classic\" data-field-id=\"7\"><label class=\"wpforms-field-label\" for=\"wpforms-314-field_7\">Tengo inter\u00e9s en: <span class=\"wpforms-required-label\">*<\/span><\/label><select id=\"wpforms-314-field_7\" class=\"wpforms-field-medium wpforms-field-required\" name=\"wpforms[fields][7]\" required=\"required\"><option value=\"Elije una opci\u00f3n...\"  class=\"choice-1 depth-1\"  >Elije una opci\u00f3n...<\/option><option value=\"Registrarme al curso\"  class=\"choice-2 depth-1\"  >Registrarme al curso<\/option><option value=\"Recibir informaci\u00f3n adicional\"  class=\"choice-3 depth-1\"  >Recibir informaci\u00f3n adicional<\/option><\/select><\/div><div id=\"wpforms-314-field_9-container\" class=\"wpforms-field wpforms-field-text\" data-field-id=\"9\"><label class=\"wpforms-field-label\" for=\"wpforms-314-field_9\">Persona que te recomend\u00f3 el curso (para recibir 30% de descuento)<\/label><input type=\"text\" id=\"wpforms-314-field_9\" class=\"wpforms-field-medium\" name=\"wpforms[fields][9]\" ><\/div><div id=\"wpforms-314-field_8-container\" class=\"wpforms-field wpforms-field-textarea\" data-field-id=\"8\"><label class=\"wpforms-field-label\" for=\"wpforms-314-field_8\">Comentarios:<\/label><textarea id=\"wpforms-314-field_8\" class=\"wpforms-field-medium\" name=\"wpforms[fields][8]\" ><\/textarea><\/div><\/div><!-- .wpforms-field-container --><div class=\"wpforms-field wpforms-field-hp\"><label for=\"wpforms-314-field-hp\" class=\"wpforms-field-label\">Comment<\/label><input type=\"text\" name=\"wpforms[hp]\" id=\"wpforms-314-field-hp\" class=\"wpforms-field-medium\"><\/div><div class=\"wpforms-submit-container\" ><input type=\"hidden\" name=\"wpforms[id]\" value=\"314\"><input type=\"hidden\" name=\"page_title\" value=\"\"><input type=\"hidden\" name=\"page_url\" value=\"https:\/\/arturogarciaolivera.com\/manejo-de-emociones-con-yoga\/wp-json\/wp\/v2\/pages\/315\"><input type=\"hidden\" name=\"url_referer\" value=\"\"><button type=\"submit\" name=\"wpforms[submit]\" id=\"wpforms-submit-314\" class=\"wpforms-submit\" data-alt-text=\"Enviando...\" data-submit-text=\"Enviar\" aria-live=\"assertive\" value=\"wpforms-submit\">Enviar<\/button><\/div><\/form><\/div>  <!-- .wpforms-container -->\n\n\n\n<div class=\"wp-block-image\"><figure class=\"aligncenter size-large\"><img loading=\"lazy\" decoding=\"async\" width=\"150\" height=\"110\" src=\"http:\/\/arturogarciaolivera.com\/manejo-de-emociones-con-yoga\/wp-content\/uploads\/2020\/03\/emocio.jpg\" alt=\"\" class=\"wp-image-316\"\/><\/figure><\/div>\n\n\n\n<p><\/p>\n\n\n\n<p><\/p>\n","protected":false},"excerpt":{"rendered":"<p>Gracias por tu inter\u00e9s en participar en el curso: Manejo de Centros de Energ\u00eda con t\u00e9cnicas de Yoga. Env\u00edame las siguientes datos y te contactar\u00e9 con mas informaci\u00f3n.<\/p>\n","protected":false},"author":1,"featured_media":0,"parent":0,"menu_order":0,"comment_status":"closed","ping_status":"closed","template":"","meta":{"footnotes":""},"class_list":["post-315","page","type-page","status-publish","hentry"],"_links":{"self":[{"href":"https:\/\/arturogarciaolivera.com\/manejo-de-emociones-con-yoga\/wp-json\/wp\/v2\/pages\/315","targetHints":{"allow":["GET"]}}],"collection":[{"href":"https:\/\/arturogarciaolivera.com\/manejo-de-emociones-con-yoga\/wp-json\/wp\/v2\/pages"}],"about":[{"href":"https:\/\/arturogarciaolivera.com\/manejo-de-emociones-con-yoga\/wp-json\/wp\/v2\/types\/page"}],"author":[{"embeddable":true,"href":"https:\/\/arturogarciaolivera.com\/manejo-de-emociones-con-yoga\/wp-json\/wp\/v2\/users\/1"}],"replies":[{"embeddable":true,"href":"https:\/\/arturogarciaolivera.com\/manejo-de-emociones-con-yoga\/wp-json\/wp\/v2\/comments?post=315"}],"version-history":[{"count":1,"href":"https:\/\/arturogarciaolivera.com\/manejo-de-emociones-con-yoga\/wp-json\/wp\/v2\/pages\/315\/revisions"}],"predecessor-version":[{"id":317,"href":"https:\/\/arturogarciaolivera.com\/manejo-de-emociones-con-yoga\/wp-json\/wp\/v2\/pages\/315\/revisions\/317"}],"wp:attachment":[{"href":"https:\/\/arturogarciaolivera.com\/manejo-de-emociones-con-yoga\/wp-json\/wp\/v2\/media?parent=315"}],"curies":[{"name":"wp","href":"https:\/\/api.w.org\/{rel}","templated":true}]}}