{"id":32,"date":"2012-03-23T15:17:23","date_gmt":"2012-03-23T15:17:23","guid":{"rendered":"http:\/\/arturogarciaolivera.com\/manejo-de-emociones-con-yoga\/?page_id=32"},"modified":"2012-03-23T15:17:23","modified_gmt":"2012-03-23T15:17:23","slug":"politicas-de-privacidad","status":"publish","type":"page","link":"https:\/\/arturogarciaolivera.com\/manejo-de-emociones-con-yoga\/politicas-de-privacidad\/","title":{"rendered":"Pol\u00edticas de privacidad"},"content":{"rendered":"<p><strong>Pol\u00edticas de privacidad sobre su correo electr\u00f3nico<\/strong><\/p>\n<p>Esta pol\u00edtica de privacidad muestra nuestro compromiso por mantener su privacidad y protecci\u00f3n de su informaci\u00f3n.<\/p>\n<div>\n<p>Si recibi\u00f3 un correo electr\u00f3nico de nuestra parte, puede ser por alguna de las siguientes razones:<\/p>\n<ul>\n<li>(a) se ha registrado en nuestro formulario de suscripci\u00f3n para recibir informaci\u00f3n<\/li>\n<li>(b) es alumno de alg\u00fan curso<\/li>\n<li>(c) asiste o asisti\u00f3 a clases, cursos o retiros con nosotros (Yoga Dharma ,Alianza Mexicana)<\/li>\n<\/ul>\n<\/div>\n<div><strong>Protegemos su privacidad<\/strong><\/div>\n<div><strong><\/strong>Contamos con software de calidad que brinda seguridad para proteger contra la p\u00e9rdida y el mal uso de informaci\u00f3n. Nunca compartiremos, venderemos o alquilaremos su informaci\u00f3n con ninguna otra persona sin su permiso previo o a menos que as\u00ed lo determine un tribunal. La informaci\u00f3n que nos es enviada s\u00f3lo se encuentra a disposici\u00f3n de los administradores de la informaci\u00f3n a fin de comunicarse con usted o de enviarle mensajes de correo electr\u00f3nico sobre la informaci\u00f3n de su inter\u00e9s.<\/div>\n<div><\/div>\n<div><strong>\u00bfC\u00f3mo dejar de recibir correo electr\u00f3nico de nuestra parte?<\/strong><\/div>\n<div><strong><\/strong>Todo mensaje de correo electr\u00f3nico contiene un enlace en la parte inferior, para que de manera sencilla y automatizada pueda cancelar su registro. Si desea hacerlo, simplemente siga las instrucciones al final de cualquier mensaje de correo electr\u00f3nico.Si recibi\u00f3 alg\u00fan correo electr\u00f3nico no deseado \u00a0(ya sea enviado por nosotros o que aparente serlo) , s\u00edrvase reenviar dicho correo con sus comentarios a soporte@arturogarciaolivera.com para revisarlo.<\/div>\n<div><\/div>\n<div><strong>Cambios de la pol\u00edtica de privacidad<\/strong><\/div>\n<div><strong><\/strong>Esta pol\u00edtica se cre\u00f3 el 16 de Marzo de 2011.<\/div>\n<div>\u00a9 Copyright 2011 ArturoGarciaOlivera.com<\/div>\n","protected":false},"excerpt":{"rendered":"<p>Pol\u00edticas de privacidad sobre su correo electr\u00f3nico Esta pol\u00edtica de privacidad muestra nuestro compromiso por mantener su privacidad y protecci\u00f3n de su informaci\u00f3n. Si recibi\u00f3 un correo electr\u00f3nico de nuestra parte, puede ser por alguna de las siguientes razones: (a) se ha registrado en nuestro formulario de suscripci\u00f3n para recibir informaci\u00f3n (b) es alumno de &hellip; <\/p>\n<p class=\"link-more\"><a href=\"https:\/\/arturogarciaolivera.com\/manejo-de-emociones-con-yoga\/politicas-de-privacidad\/\" class=\"more-link\">Continuar leyendo<span class=\"screen-reader-text\"> \u00abPol\u00edticas de privacidad\u00bb<\/span><\/a><\/p>\n","protected":false},"author":1,"featured_media":0,"parent":0,"menu_order":0,"comment_status":"closed","ping_status":"open","template":"","meta":{"footnotes":""},"class_list":["post-32","page","type-page","status-publish","hentry"],"_links":{"self":[{"href":"https:\/\/arturogarciaolivera.com\/manejo-de-emociones-con-yoga\/wp-json\/wp\/v2\/pages\/32","targetHints":{"allow":["GET"]}}],"collection":[{"href":"https:\/\/arturogarciaolivera.com\/manejo-de-emociones-con-yoga\/wp-json\/wp\/v2\/pages"}],"about":[{"href":"https:\/\/arturogarciaolivera.com\/manejo-de-emociones-con-yoga\/wp-json\/wp\/v2\/types\/page"}],"author":[{"embeddable":true,"href":"https:\/\/arturogarciaolivera.com\/manejo-de-emociones-con-yoga\/wp-json\/wp\/v2\/users\/1"}],"replies":[{"embeddable":true,"href":"https:\/\/arturogarciaolivera.com\/manejo-de-emociones-con-yoga\/wp-json\/wp\/v2\/comments?post=32"}],"version-history":[{"count":1,"href":"https:\/\/arturogarciaolivera.com\/manejo-de-emociones-con-yoga\/wp-json\/wp\/v2\/pages\/32\/revisions"}],"predecessor-version":[{"id":33,"href":"https:\/\/arturogarciaolivera.com\/manejo-de-emociones-con-yoga\/wp-json\/wp\/v2\/pages\/32\/revisions\/33"}],"wp:attachment":[{"href":"https:\/\/arturogarciaolivera.com\/manejo-de-emociones-con-yoga\/wp-json\/wp\/v2\/media?parent=32"}],"curies":[{"name":"wp","href":"https:\/\/api.w.org\/{rel}","templated":true}]}}